{"id":109,"date":"2020-05-31T01:43:05","date_gmt":"2020-05-31T01:43:05","guid":{"rendered":"http:\/\/madamefermans.com.br\/?page_id=109"},"modified":"2025-01-17T18:34:21","modified_gmt":"2025-01-17T18:34:21","slug":"dungeon","status":"publish","type":"page","link":"https:\/\/madamefermans.com.br\/en\/dungeon\/","title":{"rendered":"Dungeon"},"content":{"rendered":"<p>My space for evil and perversions.<\/p>\n\n\n\n<p><\/p>\n\n\n\n<figure class=\"wp-block-gallery has-nested-images columns-default is-cropped wp-block-gallery-1 is-layout-flex wp-block-gallery-is-layout-flex\">\n<figure class=\"wp-block-image size-large\"><img loading=\"lazy\" decoding=\"async\" width=\"1024\" height=\"1024\" data-id=\"843\" src=\"http:\/\/madamefermans.com.br\/wp-content\/uploads\/2025\/01\/duh-1024x1024.jpeg\" alt=\"\" class=\"wp-image-843\" srcset=\"https:\/\/madamefermans.com.br\/wp-content\/uploads\/2025\/01\/duh-1024x1024.jpeg 1024w, https:\/\/madamefermans.com.br\/wp-content\/uploads\/2025\/01\/duh-300x300.jpeg 300w, https:\/\/madamefermans.com.br\/wp-content\/uploads\/2025\/01\/duh-150x150.jpeg 150w, https:\/\/madamefermans.com.br\/wp-content\/uploads\/2025\/01\/duh-768x768.jpeg 768w, https:\/\/madamefermans.com.br\/wp-content\/uploads\/2025\/01\/duh-12x12.jpeg 12w, https:\/\/madamefermans.com.br\/wp-content\/uploads\/2025\/01\/duh-640x640.jpeg 640w, https:\/\/madamefermans.com.br\/wp-content\/uploads\/2025\/01\/duh-75x75.jpeg 75w, https:\/\/madamefermans.com.br\/wp-content\/uploads\/2025\/01\/duh-660x660.jpeg 660w, https:\/\/madamefermans.com.br\/wp-content\/uploads\/2025\/01\/duh-50x50.jpeg 50w, https:\/\/madamefermans.com.br\/wp-content\/uploads\/2025\/01\/duh-606x606.jpeg 606w, https:\/\/madamefermans.com.br\/wp-content\/uploads\/2025\/01\/duh.jpeg 1440w\" sizes=\"auto, (max-width: 1024px) 100vw, 1024px\" \/><\/figure>\n<\/figure>\n\n\n\n<figure class=\"wp-block-gallery has-nested-images columns-default is-cropped wp-block-gallery-2 is-layout-flex wp-block-gallery-is-layout-flex\">\n<figure class=\"wp-block-image size-large\"><img loading=\"lazy\" decoding=\"async\" width=\"1024\" height=\"1024\" data-id=\"845\" src=\"https:\/\/madamefermans.com.br\/wp-content\/uploads\/2025\/01\/dug2-1024x1024.jpeg\" alt=\"\" class=\"wp-image-845\" srcset=\"https:\/\/madamefermans.com.br\/wp-content\/uploads\/2025\/01\/dug2-1024x1024.jpeg 1024w, https:\/\/madamefermans.com.br\/wp-content\/uploads\/2025\/01\/dug2-300x300.jpeg 300w, https:\/\/madamefermans.com.br\/wp-content\/uploads\/2025\/01\/dug2-150x150.jpeg 150w, https:\/\/madamefermans.com.br\/wp-content\/uploads\/2025\/01\/dug2-768x768.jpeg 768w, https:\/\/madamefermans.com.br\/wp-content\/uploads\/2025\/01\/dug2-12x12.jpeg 12w, https:\/\/madamefermans.com.br\/wp-content\/uploads\/2025\/01\/dug2-640x640.jpeg 640w, https:\/\/madamefermans.com.br\/wp-content\/uploads\/2025\/01\/dug2-75x75.jpeg 75w, https:\/\/madamefermans.com.br\/wp-content\/uploads\/2025\/01\/dug2-660x660.jpeg 660w, https:\/\/madamefermans.com.br\/wp-content\/uploads\/2025\/01\/dug2-50x50.jpeg 50w, https:\/\/madamefermans.com.br\/wp-content\/uploads\/2025\/01\/dug2-606x606.jpeg 606w, https:\/\/madamefermans.com.br\/wp-content\/uploads\/2025\/01\/dug2.jpeg 1440w\" sizes=\"auto, (max-width: 1024px) 100vw, 1024px\" \/><\/figure>\n<\/figure>\n\n\n\n<p>My space is well equipped and has everything you need to have a delicious SM session.<\/p>\n\n\n\n<p>Trono Toilette, Cama de Couro, Jaula, Cadeira Ginecol\u00f3gica , Sacos para Retri\u00e7\u00e3o, Cavalete, FuckMachine, in\u00fameros equipamentos CBT, uma deliciosa cole\u00e7\u00e3o de Plugs e Dildos de diversos tamanhos e materiais, uma imensa cole\u00e7\u00e3o de cintos de castidade de diversas marcas e tamanhos, eletrochoque, equipamentos para Medical play como bolsa pra enema, sondas, esp\u00e9culo anal e vaginal, pin\u00e7as, agulhas e descart\u00e1veis. Tenho tamb\u00e9m infl\u00e1veis, vibradores, n\u00e3o posso deixar de citar os canes de varias espessuras, floggers , palmat\u00f3rias entre outros acess\u00f3rios para impact play, camisa de for\u00e7a, mascaras para pet, coleiras, guias e vestu\u00e1rio para feminiza\u00e7\u00e3o, maquiagem etc &#8230; GASMASK, LATEX, Vinil, PVC, Couro.<\/p>\n\n\n\n<p>Let's not forget to mention my collection of heels and boots that you can contribute to get bigger and bigger!<\/p>\n\n\n\n<hr class=\"wp-block-separator has-css-opacity\"\/>\n\n\n\n<figure class=\"wp-block-image size-large\"><img loading=\"lazy\" decoding=\"async\" width=\"683\" height=\"1024\" src=\"https:\/\/madamefermans.com.br\/wp-content\/uploads\/2022\/06\/CRB_6508-Edit-683x1024.jpg\" alt=\"\" class=\"wp-image-784\" srcset=\"https:\/\/madamefermans.com.br\/wp-content\/uploads\/2022\/06\/CRB_6508-Edit-683x1024.jpg 683w, https:\/\/madamefermans.com.br\/wp-content\/uploads\/2022\/06\/CRB_6508-Edit-200x300.jpg 200w, https:\/\/madamefermans.com.br\/wp-content\/uploads\/2022\/06\/CRB_6508-Edit-768x1152.jpg 768w, https:\/\/madamefermans.com.br\/wp-content\/uploads\/2022\/06\/CRB_6508-Edit-1024x1536.jpg 1024w, https:\/\/madamefermans.com.br\/wp-content\/uploads\/2022\/06\/CRB_6508-Edit-1365x2048.jpg 1365w, https:\/\/madamefermans.com.br\/wp-content\/uploads\/2022\/06\/CRB_6508-Edit-8x12.jpg 8w, https:\/\/madamefermans.com.br\/wp-content\/uploads\/2022\/06\/CRB_6508-Edit-440x660.jpg 440w, https:\/\/madamefermans.com.br\/wp-content\/uploads\/2022\/06\/CRB_6508-Edit-scaled.jpg 1707w\" sizes=\"auto, (max-width: 683px) 100vw, 683px\" \/><\/figure>\n\n\n\n<hr class=\"wp-block-separator has-css-opacity\"\/>\n\n\n\n<hr class=\"wp-block-separator has-css-opacity\"\/>\n\n\n\n<hr class=\"wp-block-separator has-css-opacity\"\/>\n\n\n\n<p class=\"has-text-align-center has-small-font-size\"><a href=\"https:\/\/madamefermans.com.br\/en\/?page_id=411\">Privacy policy<\/a><\/p>","protected":false},"excerpt":{"rendered":"<p>Meu espa\u00e7o para maldades e pervers\u00f5es. Meu espa\u00e7o \u00e9 bem equipado e tem tudo o que \u00e9 necess\u00e1rio para realizar &hellip; <a href=\"https:\/\/madamefermans.com.br\/en\/dungeon\/\" class=\"more-link\"><span class=\"more-button\">Continue Reading<span class=\"screen-reader-text\">Dungeon<\/span><\/span><\/a><\/p>","protected":false},"author":1,"featured_media":0,"parent":0,"menu_order":0,"comment_status":"closed","ping_status":"closed","template":"","meta":{"_monsterinsights_skip_tracking":false,"_monsterinsights_sitenote_active":false,"_monsterinsights_sitenote_note":"","_monsterinsights_sitenote_category":0,"footnotes":""},"class_list":["post-109","page","type-page","status-publish","hentry"],"yoast_head":"<!-- This site is optimized with the Yoast SEO plugin v27.5 - https:\/\/yoast.com\/product\/yoast-seo-wordpress\/ -->\n<title>Dungeon - Madame Fermans<\/title>\n<meta name=\"robots\" content=\"index, follow, max-snippet:-1, max-image-preview:large, max-video-preview:-1\" \/>\n<link rel=\"canonical\" href=\"http:\/\/madamefermans.com.br\/en\/dungeon\/\" \/>\n<meta property=\"og:locale\" content=\"en_US\" \/>\n<meta property=\"og:type\" content=\"article\" \/>\n<meta property=\"og:title\" content=\"Dungeon - Madame Fermans\" \/>\n<meta property=\"og:description\" content=\"Meu espa\u00e7o para maldades e pervers\u00f5es. Meu espa\u00e7o \u00e9 bem equipado e tem tudo o que \u00e9 necess\u00e1rio para realizar &hellip; Continue ReadingDungeon\" \/>\n<meta property=\"og:url\" content=\"http:\/\/madamefermans.com.br\/en\/dungeon\/\" \/>\n<meta property=\"og:site_name\" content=\"Madame Fermans\" \/>\n<meta property=\"article:modified_time\" content=\"2025-01-17T18:34:21+00:00\" \/>\n<meta property=\"og:image\" content=\"http:\/\/madamefermans.com.br\/wp-content\/uploads\/2025\/01\/duh-1024x1024.jpeg\" \/>\n<meta name=\"twitter:card\" content=\"summary_large_image\" \/>\n<meta name=\"twitter:label1\" content=\"Est. reading time\" \/>\n\t<meta name=\"twitter:data1\" content=\"2 minutes\" \/>\n<script type=\"application\/ld+json\" class=\"yoast-schema-graph\">{\"@context\":\"https:\\\/\\\/schema.org\",\"@graph\":[{\"@type\":\"WebPage\",\"@id\":\"http:\\\/\\\/madamefermans.com.br\\\/dungeon\\\/\",\"url\":\"http:\\\/\\\/madamefermans.com.br\\\/dungeon\\\/\",\"name\":\"Dungeon - Madame Fermans\",\"isPartOf\":{\"@id\":\"http:\\\/\\\/madamefermans.com.br\\\/#website\"},\"primaryImageOfPage\":{\"@id\":\"http:\\\/\\\/madamefermans.com.br\\\/dungeon\\\/#primaryimage\"},\"image\":{\"@id\":\"http:\\\/\\\/madamefermans.com.br\\\/dungeon\\\/#primaryimage\"},\"thumbnailUrl\":\"http:\\\/\\\/madamefermans.com.br\\\/wp-content\\\/uploads\\\/2025\\\/01\\\/duh-1024x1024.jpeg\",\"datePublished\":\"2020-05-31T01:43:05+00:00\",\"dateModified\":\"2025-01-17T18:34:21+00:00\",\"breadcrumb\":{\"@id\":\"http:\\\/\\\/madamefermans.com.br\\\/dungeon\\\/#breadcrumb\"},\"inLanguage\":\"en-US\",\"potentialAction\":[{\"@type\":\"ReadAction\",\"target\":[\"http:\\\/\\\/madamefermans.com.br\\\/dungeon\\\/\"]}]},{\"@type\":\"ImageObject\",\"inLanguage\":\"en-US\",\"@id\":\"http:\\\/\\\/madamefermans.com.br\\\/dungeon\\\/#primaryimage\",\"url\":\"http:\\\/\\\/madamefermans.com.br\\\/wp-content\\\/uploads\\\/2025\\\/01\\\/duh-1024x1024.jpeg\",\"contentUrl\":\"http:\\\/\\\/madamefermans.com.br\\\/wp-content\\\/uploads\\\/2025\\\/01\\\/duh-1024x1024.jpeg\"},{\"@type\":\"BreadcrumbList\",\"@id\":\"http:\\\/\\\/madamefermans.com.br\\\/dungeon\\\/#breadcrumb\",\"itemListElement\":[{\"@type\":\"ListItem\",\"position\":1,\"name\":\"In\u00edcio\",\"item\":\"http:\\\/\\\/madamefermans.com.br\\\/\"},{\"@type\":\"ListItem\",\"position\":2,\"name\":\"Dungeon\"}]},{\"@type\":\"WebSite\",\"@id\":\"http:\\\/\\\/madamefermans.com.br\\\/#website\",\"url\":\"http:\\\/\\\/madamefermans.com.br\\\/\",\"name\":\"Madame Fermans\",\"description\":\"\",\"publisher\":{\"@id\":\"http:\\\/\\\/madamefermans.com.br\\\/#\\\/schema\\\/person\\\/6b2a1ba3ee3539669c036e304c4a5c30\"},\"potentialAction\":[{\"@type\":\"SearchAction\",\"target\":{\"@type\":\"EntryPoint\",\"urlTemplate\":\"http:\\\/\\\/madamefermans.com.br\\\/?s={search_term_string}\"},\"query-input\":{\"@type\":\"PropertyValueSpecification\",\"valueRequired\":true,\"valueName\":\"search_term_string\"}}],\"inLanguage\":\"en-US\"},{\"@type\":[\"Person\",\"Organization\"],\"@id\":\"http:\\\/\\\/madamefermans.com.br\\\/#\\\/schema\\\/person\\\/6b2a1ba3ee3539669c036e304c4a5c30\",\"name\":\"madame83_wp\",\"image\":{\"@type\":\"ImageObject\",\"inLanguage\":\"en-US\",\"@id\":\"https:\\\/\\\/madamefermans.com.br\\\/wp-content\\\/uploads\\\/2020\\\/05\\\/cropped-BDSMLOGO-2.png\",\"url\":\"https:\\\/\\\/madamefermans.com.br\\\/wp-content\\\/uploads\\\/2020\\\/05\\\/cropped-BDSMLOGO-2.png\",\"contentUrl\":\"https:\\\/\\\/madamefermans.com.br\\\/wp-content\\\/uploads\\\/2020\\\/05\\\/cropped-BDSMLOGO-2.png\",\"width\":600,\"height\":600,\"caption\":\"madame83_wp\"},\"logo\":{\"@id\":\"https:\\\/\\\/madamefermans.com.br\\\/wp-content\\\/uploads\\\/2020\\\/05\\\/cropped-BDSMLOGO-2.png\"},\"sameAs\":[\"http:\\\/\\\/madamefermans.com.br\"]}]}<\/script>\n<!-- \/ Yoast SEO plugin. -->","yoast_head_json":{"title":"Dungeon - Madame Fermans","robots":{"index":"index","follow":"follow","max-snippet":"max-snippet:-1","max-image-preview":"max-image-preview:large","max-video-preview":"max-video-preview:-1"},"canonical":"http:\/\/madamefermans.com.br\/en\/dungeon\/","og_locale":"en_US","og_type":"article","og_title":"Dungeon - Madame Fermans","og_description":"Meu espa\u00e7o para maldades e pervers\u00f5es. Meu espa\u00e7o \u00e9 bem equipado e tem tudo o que \u00e9 necess\u00e1rio para realizar &hellip; Continue ReadingDungeon","og_url":"http:\/\/madamefermans.com.br\/en\/dungeon\/","og_site_name":"Madame Fermans","article_modified_time":"2025-01-17T18:34:21+00:00","og_image":[{"url":"http:\/\/madamefermans.com.br\/wp-content\/uploads\/2025\/01\/duh-1024x1024.jpeg","type":"","width":"","height":""}],"twitter_card":"summary_large_image","twitter_misc":{"Est. reading time":"2 minutes"},"schema":{"@context":"https:\/\/schema.org","@graph":[{"@type":"WebPage","@id":"http:\/\/madamefermans.com.br\/dungeon\/","url":"http:\/\/madamefermans.com.br\/dungeon\/","name":"Dungeon - Madame Fermans","isPartOf":{"@id":"http:\/\/madamefermans.com.br\/#website"},"primaryImageOfPage":{"@id":"http:\/\/madamefermans.com.br\/dungeon\/#primaryimage"},"image":{"@id":"http:\/\/madamefermans.com.br\/dungeon\/#primaryimage"},"thumbnailUrl":"http:\/\/madamefermans.com.br\/wp-content\/uploads\/2025\/01\/duh-1024x1024.jpeg","datePublished":"2020-05-31T01:43:05+00:00","dateModified":"2025-01-17T18:34:21+00:00","breadcrumb":{"@id":"http:\/\/madamefermans.com.br\/dungeon\/#breadcrumb"},"inLanguage":"en-US","potentialAction":[{"@type":"ReadAction","target":["http:\/\/madamefermans.com.br\/dungeon\/"]}]},{"@type":"ImageObject","inLanguage":"en-US","@id":"http:\/\/madamefermans.com.br\/dungeon\/#primaryimage","url":"http:\/\/madamefermans.com.br\/wp-content\/uploads\/2025\/01\/duh-1024x1024.jpeg","contentUrl":"http:\/\/madamefermans.com.br\/wp-content\/uploads\/2025\/01\/duh-1024x1024.jpeg"},{"@type":"BreadcrumbList","@id":"http:\/\/madamefermans.com.br\/dungeon\/#breadcrumb","itemListElement":[{"@type":"ListItem","position":1,"name":"In\u00edcio","item":"http:\/\/madamefermans.com.br\/"},{"@type":"ListItem","position":2,"name":"Dungeon"}]},{"@type":"WebSite","@id":"http:\/\/madamefermans.com.br\/#website","url":"http:\/\/madamefermans.com.br\/","name":"Madame Fermans","description":"","publisher":{"@id":"http:\/\/madamefermans.com.br\/#\/schema\/person\/6b2a1ba3ee3539669c036e304c4a5c30"},"potentialAction":[{"@type":"SearchAction","target":{"@type":"EntryPoint","urlTemplate":"http:\/\/madamefermans.com.br\/?s={search_term_string}"},"query-input":{"@type":"PropertyValueSpecification","valueRequired":true,"valueName":"search_term_string"}}],"inLanguage":"en-US"},{"@type":["Person","Organization"],"@id":"http:\/\/madamefermans.com.br\/#\/schema\/person\/6b2a1ba3ee3539669c036e304c4a5c30","name":"madame83_wp","image":{"@type":"ImageObject","inLanguage":"en-US","@id":"https:\/\/madamefermans.com.br\/wp-content\/uploads\/2020\/05\/cropped-BDSMLOGO-2.png","url":"https:\/\/madamefermans.com.br\/wp-content\/uploads\/2020\/05\/cropped-BDSMLOGO-2.png","contentUrl":"https:\/\/madamefermans.com.br\/wp-content\/uploads\/2020\/05\/cropped-BDSMLOGO-2.png","width":600,"height":600,"caption":"madame83_wp"},"logo":{"@id":"https:\/\/madamefermans.com.br\/wp-content\/uploads\/2020\/05\/cropped-BDSMLOGO-2.png"},"sameAs":["http:\/\/madamefermans.com.br"]}]}},"_links":{"self":[{"href":"https:\/\/madamefermans.com.br\/en\/wp-json\/wp\/v2\/pages\/109","targetHints":{"allow":["GET"]}}],"collection":[{"href":"https:\/\/madamefermans.com.br\/en\/wp-json\/wp\/v2\/pages"}],"about":[{"href":"https:\/\/madamefermans.com.br\/en\/wp-json\/wp\/v2\/types\/page"}],"author":[{"embeddable":true,"href":"https:\/\/madamefermans.com.br\/en\/wp-json\/wp\/v2\/users\/1"}],"replies":[{"embeddable":true,"href":"https:\/\/madamefermans.com.br\/en\/wp-json\/wp\/v2\/comments?post=109"}],"version-history":[{"count":6,"href":"https:\/\/madamefermans.com.br\/en\/wp-json\/wp\/v2\/pages\/109\/revisions"}],"predecessor-version":[{"id":846,"href":"https:\/\/madamefermans.com.br\/en\/wp-json\/wp\/v2\/pages\/109\/revisions\/846"}],"wp:attachment":[{"href":"https:\/\/madamefermans.com.br\/en\/wp-json\/wp\/v2\/media?parent=109"}],"curies":[{"name":"wp","href":"https:\/\/api.w.org\/{rel}","templated":true}]}}