{"id":442,"date":"2020-06-12T01:08:00","date_gmt":"2020-06-12T01:08:00","guid":{"rendered":"http:\/\/madamefermans.com.br\/?page_id=442"},"modified":"2021-09-28T16:46:59","modified_gmt":"2021-09-28T16:46:59","slug":"castidade","status":"publish","type":"page","link":"https:\/\/madamefermans.com.br\/en\/estilo-de-vida\/castidade\/","title":{"rendered":"Male Chastity"},"content":{"rendered":"<div class=\"wp-block-image is-style-default\"><figure class=\"aligncenter size-large is-resized\"><img loading=\"lazy\" decoding=\"async\" src=\"https:\/\/madamefermans.com.br\/wp-content\/uploads\/2021\/09\/WhatsApp-Image-2021-09-28-at-13.37.34-1024x683.jpeg\" alt=\"\" class=\"wp-image-687\" width=\"981\" height=\"653\" srcset=\"https:\/\/madamefermans.com.br\/wp-content\/uploads\/2021\/09\/WhatsApp-Image-2021-09-28-at-13.37.34-1024x683.jpeg 1024w, https:\/\/madamefermans.com.br\/wp-content\/uploads\/2021\/09\/WhatsApp-Image-2021-09-28-at-13.37.34-300x200.jpeg 300w, https:\/\/madamefermans.com.br\/wp-content\/uploads\/2021\/09\/WhatsApp-Image-2021-09-28-at-13.37.34-768x512.jpeg 768w, https:\/\/madamefermans.com.br\/wp-content\/uploads\/2021\/09\/WhatsApp-Image-2021-09-28-at-13.37.34-18x12.jpeg 18w, https:\/\/madamefermans.com.br\/wp-content\/uploads\/2021\/09\/WhatsApp-Image-2021-09-28-at-13.37.34-990x660.jpeg 990w\" sizes=\"auto, (max-width: 981px) 100vw, 981px\" \/><\/figure><\/div>\n\n\n\n<p class=\"has-white-color has-text-color has-large-font-size\"><strong>Male Chastity\u2026 Lifestyle!<\/strong><\/p>\n\n\n\n<p>CONTROL, PRIVACY, PLEASURE, FOCUS, COMMITMENT ... are some words that encompass the entire context of chastity. For some time now that I have routinely imposed chastity, as a lifestyle and relationship and I affirm with all my experience that a man in chastity is infinitely more attractive and useful to his wife's desires and whims than another who lives in full sexual freedom. I live in a 24\/7 relationship where chastity and control have become the basis for our relationship to be complete and satisfying, on the one hand I have the man dedicated and focused on my pleasure, cuckold, gentle, loving, submissive and on the other I a woman empowered with wild and dominant, perverse and perverted sexuality. Our temperaments and personalities of opposite extremes are complete, in this mixture of deprivation and enjoyment we find our point of balance and complicity.<\/p>\n\n\n\n<p>His penis is not his, it's mine, it's up to me to decide whether to stimulate or not, this is also up to orgasm, it's my decision to ruin or allow it to be full (usually I ruin). To be chaste is to live between heaven and hell, it is to be eternally at the mercy of the other, begging for crumbs of pleasure or unconventional sex to relieve extreme anxiety or overwhelming lust. A chaste person knows how painful an attempt at erection can be, having his penis compressed into a chastity belt, making it impossible to stay erect and be handled, as I often say, \u201cDON'T TOUCH ON MY THINGS\u201d and even if I tried, I wouldn't be able to, after all. keys are always with me hanging from my necklace or anklet. It fills me with lust to see a chaste beg for tears to be released, tormented with lust in desperation crawling at my feet ... weak and dominated with his completely domesticated manhood! This is the culmination of my fetish, I have it in my hands and I see its virility being reduced to NOTHING! Only those who live or lived scenes like this know what I'm talking about! My lust is maximized and fueled by my chaste devotion. Our balance consists of a basic account:<\/p>\n\n\n\n<p class=\"has-white-color has-text-color translation-block\">\"<strong> MULTIPLE ORGASMS FOR ME and NOTHING FOR HIM\" <\/strong><\/p>\n\n\n\n<p class=\"translation-block\">But chastity is not just about DENYING! It is important and indispensable to keep the chaste always stimulated after all, when you have a toy, care is needed so that it lasts and \u201cworks\u201d in the long term, the act of DENYING becomes sweeter and more complete when it comes after a provocation (<strong> TEASE &amp; DENIAL <\/strong>). Within my routine and lifestyle, chastity is an important tool for devotion and surrender, stimulating the chaste to the point of almost orgasm and then locking it is the pinnacle of torment and reward, within which I live with my cuckold there are strict rules to be followed where you can have punishments and rewards according to behavior. Examples: accidental \"LEAVES\" are applied punishments such as spanking, increase in the term of the next \"Milking\", hard inversion, among other punishments. I can not fail to mention that in my case there is NO penetration or direct sex with the chaste or I do not USE the penis, I leave him in complete deprivation to feel the female body, it serves only for <strong> oral servitude <\/strong> , <strong> Pegging <\/strong> (inversion) and assist in sex with alpha men where I induce practices such as: BI <strong> FORCED <\/strong> and <strong> HUMILATION HARD <\/strong>.<\/p>\n\n\n\n<p>I no longer imagine myself in another relationship format and I live my fetishes intensely and extremely, within our relationship there are hardly any limits and delivery is responsible and consensual.<\/p>\n\n\n\n<p class=\"has-white-color has-text-color translation-block\">\u201c<strong> CASTITY ENHANCES PLEASURE\u201d <\/strong><\/p>\n\n\n\n<div class=\"wp-block-image is-style-default\"><figure class=\"aligncenter size-large is-resized\"><img loading=\"lazy\" decoding=\"async\" src=\"https:\/\/madamefermans.com.br\/wp-content\/uploads\/2021\/09\/WhatsApp-Image-2021-09-28-at-13.37.34-2-1024x683.jpeg\" alt=\"\" class=\"wp-image-690\" width=\"694\" height=\"461\" srcset=\"https:\/\/madamefermans.com.br\/wp-content\/uploads\/2021\/09\/WhatsApp-Image-2021-09-28-at-13.37.34-2-300x200.jpeg 300w, https:\/\/madamefermans.com.br\/wp-content\/uploads\/2021\/09\/WhatsApp-Image-2021-09-28-at-13.37.34-2-18x12.jpeg 18w\" sizes=\"auto, (max-width: 694px) 100vw, 694px\" \/><\/figure><\/div>\n\n\n\n<p class=\"has-white-color has-text-color has-large-font-size\"><strong>Chastity and Health!<\/strong><\/p>\n\n\n\n<p>I'll talk a little bit about the continuous use of the chastity belt and the emotional impact it has on the chaste.<\/p>\n\n\n\n<p class=\"translation-block\">Chastity requires commitment from the man who is willing to wear the belt, because with the accumulation of lust without means of \"relieving\" there are drastic changes in behavior that are not always easy for chaste people, it is quite common for many to give up chastity when emotions start to surface. Chastity greatly increases the level of anxiety and deprivation, many chaste people become depressed and find it difficult to stay focused on some activities. THINK! a bag full of cum, extreme lust without the possibility of relief, the stress that chastity can cause is immense and therefore the details must be discussed (cycle time, milking deadlines, etc.) and it is necessary to listen to the caste and be attentive behavioral changes. In my case, when my caste has a business trip or something very important like a new project, anyway ... something that needs mindfulness and calm and he is subjected to a long period of deprivation, I notice constant agitation and difficulty in focusing, I I can relieve you so that you can dedicate yourself in the best way to work. But in extreme cases, after all <strong> chastity and suffering go hand in hand. <\/strong><\/p>\n\n\n\n<div class=\"wp-block-image is-style-default\"><figure class=\"aligncenter size-large\"><img loading=\"lazy\" decoding=\"async\" width=\"1024\" height=\"683\" src=\"https:\/\/madamefermans.com.br\/wp-content\/uploads\/2021\/09\/WhatsApp-Image-2021-09-28-at-13.37.34-3-1024x683.jpeg\" alt=\"\" class=\"wp-image-691\" srcset=\"https:\/\/madamefermans.com.br\/wp-content\/uploads\/2021\/09\/WhatsApp-Image-2021-09-28-at-13.37.34-3-1024x683.jpeg 1024w, https:\/\/madamefermans.com.br\/wp-content\/uploads\/2021\/09\/WhatsApp-Image-2021-09-28-at-13.37.34-3-300x200.jpeg 300w, https:\/\/madamefermans.com.br\/wp-content\/uploads\/2021\/09\/WhatsApp-Image-2021-09-28-at-13.37.34-3-768x512.jpeg 768w, https:\/\/madamefermans.com.br\/wp-content\/uploads\/2021\/09\/WhatsApp-Image-2021-09-28-at-13.37.34-3-18x12.jpeg 18w, https:\/\/madamefermans.com.br\/wp-content\/uploads\/2021\/09\/WhatsApp-Image-2021-09-28-at-13.37.34-3-990x660.jpeg 990w, https:\/\/madamefermans.com.br\/wp-content\/uploads\/2021\/09\/WhatsApp-Image-2021-09-28-at-13.37.34-3.jpeg 1280w\" sizes=\"auto, (max-width: 1024px) 100vw, 1024px\" \/><\/figure><\/div>\n\n\n\n<p class=\"translation-block\">Continued use of the chastity belt in physical health in the penis. Currently my chaste uses a Holly Trainer V2 I use it continuously taking 2 hours a day for the bath and drying, I have already submitted the chaste to be locked for 2 to 3 days, without taking it, as punishment ... but it is not routine, after all the belt is closed and the penis does not breathe, increasing the chance of proliferation of bacteria, fungi, etc. and not to mention that the smell is unbearable. Hygiene is extremely important in the continuous use of the belt. It is important to keep the penis dry, the belt properly clean and apply ointment to the balls where there is friction with the ring, if it happens to bake, which is very common, then I leave it loose for a day to recover and take care, and then be locked again. <strong> About the ring: seamless closed rings are indicated for continuous use as they do not pinch or catch the skin when locking. <\/strong><\/p>\n\n\n\n<p class=\"translation-block\">Chastity belts in sessions: I prefer <strong> EXTREMELY SMALL <\/strong> and steel belts in sessions and encounters with my alpha males, it is uncomfortable, it hurts and it is visually more attractive to me, when it comes to humiliating, seeing my chaste compacted in the micro belt. But they are not suitable for continuous use.<\/p>\n\n\n\n<div class=\"wp-block-columns is-layout-flex wp-container-core-columns-is-layout-9d6595d7 wp-block-columns-is-layout-flex\">\n<div class=\"wp-block-column is-layout-flow wp-block-column-is-layout-flow\">\n<figure class=\"wp-block-image size-large is-resized is-style-default\"><img loading=\"lazy\" decoding=\"async\" src=\"https:\/\/madamefermans.com.br\/wp-content\/uploads\/2021\/09\/WhatsApp-Image-2021-09-28-at-13.37.34-1-1024x683.jpeg\" alt=\"\" class=\"wp-image-693\" width=\"984\" height=\"649\"\/><\/figure>\n<\/div>\n<\/div>\n\n\n\n<p class=\"has-white-color has-text-color has-large-font-size\"><strong>Remote Controlled Chastity!<\/strong><\/p>\n\n\n\n<p>I live with my Cuck so I follow 24h, but I have other submissives who are also in chastity and do not live with me. How does it work? Now more than ever the word COMMITMENT comes into play!<\/p>\n\n\n\n<p>A submissive is not obliged to wear a belt if he himself has a key at home so commitment and transparency will make the fetish REAL or merely talk.<\/p>\n\n\n\n<p>My part is teaching how to keep healthy and control the use of the toy, I do this control by asking for photos at different times of the day called surprise videos, among other things. At the slightest sign of \"cheating\" I apply punishments and in serious cases I immediately break the contract, after all I am not here to waste my time.<\/p>\n\n\n\n<p><strong>I do all monitoring strictly and demand dedication!<\/strong><\/p>\n\n\n\n<div class=\"wp-block-image is-style-default\"><figure class=\"aligncenter size-large\"><img loading=\"lazy\" decoding=\"async\" width=\"1024\" height=\"683\" src=\"https:\/\/madamefermans.com.br\/wp-content\/uploads\/2021\/09\/WhatsApp-Image-2021-09-28-at-13.37.33-1024x683.jpeg\" alt=\"\" class=\"wp-image-692\" srcset=\"https:\/\/madamefermans.com.br\/wp-content\/uploads\/2021\/09\/WhatsApp-Image-2021-09-28-at-13.37.33-1024x683.jpeg 1024w, https:\/\/madamefermans.com.br\/wp-content\/uploads\/2021\/09\/WhatsApp-Image-2021-09-28-at-13.37.33-300x200.jpeg 300w, https:\/\/madamefermans.com.br\/wp-content\/uploads\/2021\/09\/WhatsApp-Image-2021-09-28-at-13.37.33-768x512.jpeg 768w, https:\/\/madamefermans.com.br\/wp-content\/uploads\/2021\/09\/WhatsApp-Image-2021-09-28-at-13.37.33-18x12.jpeg 18w, https:\/\/madamefermans.com.br\/wp-content\/uploads\/2021\/09\/WhatsApp-Image-2021-09-28-at-13.37.33-990x660.jpeg 990w, https:\/\/madamefermans.com.br\/wp-content\/uploads\/2021\/09\/WhatsApp-Image-2021-09-28-at-13.37.33.jpeg 1280w\" sizes=\"auto, (max-width: 1024px) 100vw, 1024px\" \/><\/figure><\/div>","protected":false},"excerpt":{"rendered":"<p>Castidade Masculina&#8230; Estilo de Vida! CONTROLE, PRIVA\u00c7\u00c3O, PRAZER, FOCO, COMPROMETIMENTO &#8230; s\u00e3o algumas palavras que englobam todo o contexto de &hellip; <a href=\"https:\/\/madamefermans.com.br\/en\/estilo-de-vida\/castidade\/\" class=\"more-link\"><span class=\"more-button\">Continue Reading<span class=\"screen-reader-text\">Male Chastity<\/span><\/span><\/a><\/p>","protected":false},"author":1,"featured_media":0,"parent":507,"menu_order":0,"comment_status":"closed","ping_status":"closed","template":"","meta":{"_monsterinsights_skip_tracking":false,"_monsterinsights_sitenote_active":false,"_monsterinsights_sitenote_note":"","_monsterinsights_sitenote_category":0,"footnotes":""},"class_list":["post-442","page","type-page","status-publish","hentry"],"yoast_head":"<!-- This site is optimized with the Yoast SEO plugin v27.5 - https:\/\/yoast.com\/product\/yoast-seo-wordpress\/ -->\n<title>Castidade Masculina - Madame Fermans<\/title>\n<meta name=\"robots\" content=\"index, follow, max-snippet:-1, max-image-preview:large, max-video-preview:-1\" \/>\n<link rel=\"canonical\" href=\"http:\/\/madamefermans.com.br\/en\/estilo-de-vida\/castidade\/\" \/>\n<meta property=\"og:locale\" content=\"en_US\" \/>\n<meta property=\"og:type\" content=\"article\" \/>\n<meta property=\"og:title\" content=\"Castidade Masculina - Madame Fermans\" \/>\n<meta property=\"og:description\" content=\"Castidade Masculina&#8230; Estilo de Vida! CONTROLE, PRIVA\u00c7\u00c3O, PRAZER, FOCO, COMPROMETIMENTO &#8230; s\u00e3o algumas palavras que englobam todo o contexto de &hellip; Continue ReadingCastidade Masculina\" \/>\n<meta property=\"og:url\" content=\"http:\/\/madamefermans.com.br\/en\/estilo-de-vida\/castidade\/\" \/>\n<meta property=\"og:site_name\" content=\"Madame Fermans\" \/>\n<meta property=\"article:modified_time\" content=\"2021-09-28T16:46:59+00:00\" \/>\n<meta property=\"og:image\" content=\"https:\/\/madamefermans.com.br\/wp-content\/uploads\/2021\/09\/WhatsApp-Image-2021-09-28-at-13.37.34-1024x683.jpeg\" \/>\n<meta name=\"twitter:card\" content=\"summary_large_image\" \/>\n<meta name=\"twitter:label1\" content=\"Est. reading time\" \/>\n\t<meta name=\"twitter:data1\" content=\"7 minutes\" \/>\n<script type=\"application\/ld+json\" class=\"yoast-schema-graph\">{\"@context\":\"https:\\\/\\\/schema.org\",\"@graph\":[{\"@type\":\"WebPage\",\"@id\":\"http:\\\/\\\/madamefermans.com.br\\\/estilo-de-vida\\\/castidade\\\/\",\"url\":\"http:\\\/\\\/madamefermans.com.br\\\/estilo-de-vida\\\/castidade\\\/\",\"name\":\"Castidade Masculina - Madame Fermans\",\"isPartOf\":{\"@id\":\"http:\\\/\\\/madamefermans.com.br\\\/#website\"},\"primaryImageOfPage\":{\"@id\":\"http:\\\/\\\/madamefermans.com.br\\\/estilo-de-vida\\\/castidade\\\/#primaryimage\"},\"image\":{\"@id\":\"http:\\\/\\\/madamefermans.com.br\\\/estilo-de-vida\\\/castidade\\\/#primaryimage\"},\"thumbnailUrl\":\"https:\\\/\\\/madamefermans.com.br\\\/wp-content\\\/uploads\\\/2021\\\/09\\\/WhatsApp-Image-2021-09-28-at-13.37.34-1024x683.jpeg\",\"datePublished\":\"2020-06-12T01:08:00+00:00\",\"dateModified\":\"2021-09-28T16:46:59+00:00\",\"breadcrumb\":{\"@id\":\"http:\\\/\\\/madamefermans.com.br\\\/estilo-de-vida\\\/castidade\\\/#breadcrumb\"},\"inLanguage\":\"en-US\",\"potentialAction\":[{\"@type\":\"ReadAction\",\"target\":[\"http:\\\/\\\/madamefermans.com.br\\\/estilo-de-vida\\\/castidade\\\/\"]}]},{\"@type\":\"ImageObject\",\"inLanguage\":\"en-US\",\"@id\":\"http:\\\/\\\/madamefermans.com.br\\\/estilo-de-vida\\\/castidade\\\/#primaryimage\",\"url\":\"https:\\\/\\\/madamefermans.com.br\\\/wp-content\\\/uploads\\\/2021\\\/09\\\/WhatsApp-Image-2021-09-28-at-13.37.34-1024x683.jpeg\",\"contentUrl\":\"https:\\\/\\\/madamefermans.com.br\\\/wp-content\\\/uploads\\\/2021\\\/09\\\/WhatsApp-Image-2021-09-28-at-13.37.34-1024x683.jpeg\"},{\"@type\":\"BreadcrumbList\",\"@id\":\"http:\\\/\\\/madamefermans.com.br\\\/estilo-de-vida\\\/castidade\\\/#breadcrumb\",\"itemListElement\":[{\"@type\":\"ListItem\",\"position\":1,\"name\":\"In\u00edcio\",\"item\":\"http:\\\/\\\/madamefermans.com.br\\\/\"},{\"@type\":\"ListItem\",\"position\":2,\"name\":\"Estilo de vida\",\"item\":\"http:\\\/\\\/madamefermans.com.br\\\/estilo-de-vida\\\/\"},{\"@type\":\"ListItem\",\"position\":3,\"name\":\"Castidade Masculina\"}]},{\"@type\":\"WebSite\",\"@id\":\"http:\\\/\\\/madamefermans.com.br\\\/#website\",\"url\":\"http:\\\/\\\/madamefermans.com.br\\\/\",\"name\":\"Madame Fermans\",\"description\":\"\",\"publisher\":{\"@id\":\"http:\\\/\\\/madamefermans.com.br\\\/#\\\/schema\\\/person\\\/6b2a1ba3ee3539669c036e304c4a5c30\"},\"potentialAction\":[{\"@type\":\"SearchAction\",\"target\":{\"@type\":\"EntryPoint\",\"urlTemplate\":\"http:\\\/\\\/madamefermans.com.br\\\/?s={search_term_string}\"},\"query-input\":{\"@type\":\"PropertyValueSpecification\",\"valueRequired\":true,\"valueName\":\"search_term_string\"}}],\"inLanguage\":\"en-US\"},{\"@type\":[\"Person\",\"Organization\"],\"@id\":\"http:\\\/\\\/madamefermans.com.br\\\/#\\\/schema\\\/person\\\/6b2a1ba3ee3539669c036e304c4a5c30\",\"name\":\"madame83_wp\",\"image\":{\"@type\":\"ImageObject\",\"inLanguage\":\"en-US\",\"@id\":\"https:\\\/\\\/madamefermans.com.br\\\/wp-content\\\/uploads\\\/2020\\\/05\\\/cropped-BDSMLOGO-2.png\",\"url\":\"https:\\\/\\\/madamefermans.com.br\\\/wp-content\\\/uploads\\\/2020\\\/05\\\/cropped-BDSMLOGO-2.png\",\"contentUrl\":\"https:\\\/\\\/madamefermans.com.br\\\/wp-content\\\/uploads\\\/2020\\\/05\\\/cropped-BDSMLOGO-2.png\",\"width\":600,\"height\":600,\"caption\":\"madame83_wp\"},\"logo\":{\"@id\":\"https:\\\/\\\/madamefermans.com.br\\\/wp-content\\\/uploads\\\/2020\\\/05\\\/cropped-BDSMLOGO-2.png\"},\"sameAs\":[\"http:\\\/\\\/madamefermans.com.br\"]}]}<\/script>\n<!-- \/ Yoast SEO plugin. -->","yoast_head_json":{"title":"Castidade Masculina - Madame Fermans","robots":{"index":"index","follow":"follow","max-snippet":"max-snippet:-1","max-image-preview":"max-image-preview:large","max-video-preview":"max-video-preview:-1"},"canonical":"http:\/\/madamefermans.com.br\/en\/estilo-de-vida\/castidade\/","og_locale":"en_US","og_type":"article","og_title":"Castidade Masculina - Madame Fermans","og_description":"Castidade Masculina&#8230; Estilo de Vida! CONTROLE, PRIVA\u00c7\u00c3O, PRAZER, FOCO, COMPROMETIMENTO &#8230; s\u00e3o algumas palavras que englobam todo o contexto de &hellip; Continue ReadingCastidade Masculina","og_url":"http:\/\/madamefermans.com.br\/en\/estilo-de-vida\/castidade\/","og_site_name":"Madame Fermans","article_modified_time":"2021-09-28T16:46:59+00:00","og_image":[{"url":"https:\/\/madamefermans.com.br\/wp-content\/uploads\/2021\/09\/WhatsApp-Image-2021-09-28-at-13.37.34-1024x683.jpeg","type":"","width":"","height":""}],"twitter_card":"summary_large_image","twitter_misc":{"Est. reading time":"7 minutes"},"schema":{"@context":"https:\/\/schema.org","@graph":[{"@type":"WebPage","@id":"http:\/\/madamefermans.com.br\/estilo-de-vida\/castidade\/","url":"http:\/\/madamefermans.com.br\/estilo-de-vida\/castidade\/","name":"Castidade Masculina - Madame Fermans","isPartOf":{"@id":"http:\/\/madamefermans.com.br\/#website"},"primaryImageOfPage":{"@id":"http:\/\/madamefermans.com.br\/estilo-de-vida\/castidade\/#primaryimage"},"image":{"@id":"http:\/\/madamefermans.com.br\/estilo-de-vida\/castidade\/#primaryimage"},"thumbnailUrl":"https:\/\/madamefermans.com.br\/wp-content\/uploads\/2021\/09\/WhatsApp-Image-2021-09-28-at-13.37.34-1024x683.jpeg","datePublished":"2020-06-12T01:08:00+00:00","dateModified":"2021-09-28T16:46:59+00:00","breadcrumb":{"@id":"http:\/\/madamefermans.com.br\/estilo-de-vida\/castidade\/#breadcrumb"},"inLanguage":"en-US","potentialAction":[{"@type":"ReadAction","target":["http:\/\/madamefermans.com.br\/estilo-de-vida\/castidade\/"]}]},{"@type":"ImageObject","inLanguage":"en-US","@id":"http:\/\/madamefermans.com.br\/estilo-de-vida\/castidade\/#primaryimage","url":"https:\/\/madamefermans.com.br\/wp-content\/uploads\/2021\/09\/WhatsApp-Image-2021-09-28-at-13.37.34-1024x683.jpeg","contentUrl":"https:\/\/madamefermans.com.br\/wp-content\/uploads\/2021\/09\/WhatsApp-Image-2021-09-28-at-13.37.34-1024x683.jpeg"},{"@type":"BreadcrumbList","@id":"http:\/\/madamefermans.com.br\/estilo-de-vida\/castidade\/#breadcrumb","itemListElement":[{"@type":"ListItem","position":1,"name":"In\u00edcio","item":"http:\/\/madamefermans.com.br\/"},{"@type":"ListItem","position":2,"name":"Estilo de vida","item":"http:\/\/madamefermans.com.br\/estilo-de-vida\/"},{"@type":"ListItem","position":3,"name":"Castidade Masculina"}]},{"@type":"WebSite","@id":"http:\/\/madamefermans.com.br\/#website","url":"http:\/\/madamefermans.com.br\/","name":"Madame Fermans","description":"","publisher":{"@id":"http:\/\/madamefermans.com.br\/#\/schema\/person\/6b2a1ba3ee3539669c036e304c4a5c30"},"potentialAction":[{"@type":"SearchAction","target":{"@type":"EntryPoint","urlTemplate":"http:\/\/madamefermans.com.br\/?s={search_term_string}"},"query-input":{"@type":"PropertyValueSpecification","valueRequired":true,"valueName":"search_term_string"}}],"inLanguage":"en-US"},{"@type":["Person","Organization"],"@id":"http:\/\/madamefermans.com.br\/#\/schema\/person\/6b2a1ba3ee3539669c036e304c4a5c30","name":"madame83_wp","image":{"@type":"ImageObject","inLanguage":"en-US","@id":"https:\/\/madamefermans.com.br\/wp-content\/uploads\/2020\/05\/cropped-BDSMLOGO-2.png","url":"https:\/\/madamefermans.com.br\/wp-content\/uploads\/2020\/05\/cropped-BDSMLOGO-2.png","contentUrl":"https:\/\/madamefermans.com.br\/wp-content\/uploads\/2020\/05\/cropped-BDSMLOGO-2.png","width":600,"height":600,"caption":"madame83_wp"},"logo":{"@id":"https:\/\/madamefermans.com.br\/wp-content\/uploads\/2020\/05\/cropped-BDSMLOGO-2.png"},"sameAs":["http:\/\/madamefermans.com.br"]}]}},"_links":{"self":[{"href":"https:\/\/madamefermans.com.br\/en\/wp-json\/wp\/v2\/pages\/442","targetHints":{"allow":["GET"]}}],"collection":[{"href":"https:\/\/madamefermans.com.br\/en\/wp-json\/wp\/v2\/pages"}],"about":[{"href":"https:\/\/madamefermans.com.br\/en\/wp-json\/wp\/v2\/types\/page"}],"author":[{"embeddable":true,"href":"https:\/\/madamefermans.com.br\/en\/wp-json\/wp\/v2\/users\/1"}],"replies":[{"embeddable":true,"href":"https:\/\/madamefermans.com.br\/en\/wp-json\/wp\/v2\/comments?post=442"}],"version-history":[{"count":10,"href":"https:\/\/madamefermans.com.br\/en\/wp-json\/wp\/v2\/pages\/442\/revisions"}],"predecessor-version":[{"id":694,"href":"https:\/\/madamefermans.com.br\/en\/wp-json\/wp\/v2\/pages\/442\/revisions\/694"}],"up":[{"embeddable":true,"href":"https:\/\/madamefermans.com.br\/en\/wp-json\/wp\/v2\/pages\/507"}],"wp:attachment":[{"href":"https:\/\/madamefermans.com.br\/en\/wp-json\/wp\/v2\/media?parent=442"}],"curies":[{"name":"wp","href":"https:\/\/api.w.org\/{rel}","templated":true}]}}