{"id":50,"date":"2020-05-29T00:32:06","date_gmt":"2020-05-29T00:32:06","guid":{"rendered":"http:\/\/madamefermans.com.br\/?page_id=50"},"modified":"2023-08-03T16:43:52","modified_gmt":"2023-08-03T16:43:52","slug":"mistress","status":"publish","type":"page","link":"https:\/\/madamefermans.com.br\/en\/","title":{"rendered":"The Mistress"},"content":{"rendered":"<div class=\"wp-block-image is-style-default\">\n<figure class=\"aligncenter size-large is-resized\"><img loading=\"lazy\" decoding=\"async\" src=\"http:\/\/madamefermans.com.br\/wp-content\/uploads\/2023\/08\/LOGO-1024x1024.jpeg\" alt=\"\" class=\"wp-image-802\" width=\"662\" height=\"662\" srcset=\"https:\/\/madamefermans.com.br\/wp-content\/uploads\/2023\/08\/LOGO-1024x1024.jpeg 1024w, https:\/\/madamefermans.com.br\/wp-content\/uploads\/2023\/08\/LOGO-300x300.jpeg 300w, https:\/\/madamefermans.com.br\/wp-content\/uploads\/2023\/08\/LOGO-150x150.jpeg 150w, https:\/\/madamefermans.com.br\/wp-content\/uploads\/2023\/08\/LOGO-768x768.jpeg 768w, https:\/\/madamefermans.com.br\/wp-content\/uploads\/2023\/08\/LOGO-1536x1536.jpeg 1536w, https:\/\/madamefermans.com.br\/wp-content\/uploads\/2023\/08\/LOGO-12x12.jpeg 12w, https:\/\/madamefermans.com.br\/wp-content\/uploads\/2023\/08\/LOGO-640x640.jpeg 640w, https:\/\/madamefermans.com.br\/wp-content\/uploads\/2023\/08\/LOGO-75x75.jpeg 75w, https:\/\/madamefermans.com.br\/wp-content\/uploads\/2023\/08\/LOGO-660x660.jpeg 660w, https:\/\/madamefermans.com.br\/wp-content\/uploads\/2023\/08\/LOGO-50x50.jpeg 50w, https:\/\/madamefermans.com.br\/wp-content\/uploads\/2023\/08\/LOGO-606x606.jpeg 606w, https:\/\/madamefermans.com.br\/wp-content\/uploads\/2023\/08\/LOGO.jpeg 1599w\" sizes=\"auto, (max-width: 662px) 100vw, 662px\" \/><\/figure>\n<\/div>\n\n\n<p>Sou uma mulher que descobriu o prazer da maldade mais jovem do que qualquer um possa imaginar, uma adolesc\u00eancia recheada de descobertas e uma bagagem inigual\u00e1vel, h\u00e1 d\u00e9cadas me deliciando nesse universo BDSM!<br>Provei coisas, experimentei sensa\u00e7\u00f5es t\u00e3o intensas que descreve-las seria imposs\u00edvel, sou uma divindade feminina e er\u00f3tica que caminha pela terra realizando fetiches de forma intensa e sensual.<\/p>\n\n\n\n<p><br>Incurable fetishist: LATEX, GASMASK, HEELS, GLOVES, LEATHER, VINYL, PVC and everything that explores visual and sensory pleasure.<br>Experiente e uma \u00f3tima professora para iniciantes, entregar se a mim n\u00e3o \u00e9 uma escolha e sim um PRIVIL\u00c9GIO, estar aos meus p\u00e9s \u00e9 sonho de qualquer ser que tenha curiosidade em tudo que simboliza SERVID\u00c3O.<\/p>\n\n\n\n<p class=\"has-white-color has-text-color has-large-font-size\">Profile:<\/p>\n\n\n\n<p>Escorpiana, Tatuada, Modificada, Branca, Loira, Olhos Castanhos, 66kg e 1,65 de altura, Bissexual, dona de uma personalidade superior, uma Domme diferenciada, moro na cidade de S\u00e3o Paulo por\u00e9m gosto de viajar &#8230; novos cheiros e sabores s\u00e3o sempre agrad\u00e1veis.<\/p>\n\n\n<div class=\"wp-block-image is-style-default\">\n<figure class=\"aligncenter size-large\"><img loading=\"lazy\" decoding=\"async\" width=\"657\" height=\"1024\" src=\"https:\/\/madamefermans.com.br\/wp-content\/uploads\/2022\/06\/CRB_6568-Edit-Edit-657x1024.jpg\" alt=\"\" class=\"wp-image-780\" srcset=\"https:\/\/madamefermans.com.br\/wp-content\/uploads\/2022\/06\/CRB_6568-Edit-Edit-657x1024.jpg 657w, https:\/\/madamefermans.com.br\/wp-content\/uploads\/2022\/06\/CRB_6568-Edit-Edit-193x300.jpg 193w, https:\/\/madamefermans.com.br\/wp-content\/uploads\/2022\/06\/CRB_6568-Edit-Edit-768x1196.jpg 768w, https:\/\/madamefermans.com.br\/wp-content\/uploads\/2022\/06\/CRB_6568-Edit-Edit-986x1536.jpg 986w, https:\/\/madamefermans.com.br\/wp-content\/uploads\/2022\/06\/CRB_6568-Edit-Edit-1315x2048.jpg 1315w, https:\/\/madamefermans.com.br\/wp-content\/uploads\/2022\/06\/CRB_6568-Edit-Edit-8x12.jpg 8w, https:\/\/madamefermans.com.br\/wp-content\/uploads\/2022\/06\/CRB_6568-Edit-Edit-424x660.jpg 424w, https:\/\/madamefermans.com.br\/wp-content\/uploads\/2022\/06\/CRB_6568-Edit-Edit-scaled.jpg 1643w\" sizes=\"auto, (max-width: 657px) 100vw, 657px\" \/><figcaption class=\"wp-element-caption\">Madame Fermans<\/figcaption><\/figure>\n<\/div>\n\n\n<p class=\"has-white-color has-text-color has-large-font-size\">A Vida:<\/p>\n\n\n\n<p>LifeStyle 24\/7, HOTWIFE !!! Sou casada com um cuckold pussyfree, mantenho o marido 24h em um cinto de castidade em TOTAL priva\u00e7\u00e3o sexual apenas servindo de suporte nas minhas aventuras sexuais. Tenho uma dungeon em minha casa. onde desfruto de forma intensa todos os meus fetiches.<\/p>\n\n\n\n<hr class=\"wp-block-separator has-css-opacity\"\/>\n\n\n<div class=\"wp-block-image\">\n<figure class=\"aligncenter size-large\"><img loading=\"lazy\" decoding=\"async\" width=\"683\" height=\"1024\" src=\"https:\/\/madamefermans.com.br\/wp-content\/uploads\/2022\/06\/CRB_6481-Edit-683x1024.jpg\" alt=\"\" class=\"wp-image-781\" srcset=\"https:\/\/madamefermans.com.br\/wp-content\/uploads\/2022\/06\/CRB_6481-Edit-683x1024.jpg 683w, https:\/\/madamefermans.com.br\/wp-content\/uploads\/2022\/06\/CRB_6481-Edit-200x300.jpg 200w, https:\/\/madamefermans.com.br\/wp-content\/uploads\/2022\/06\/CRB_6481-Edit-768x1152.jpg 768w, https:\/\/madamefermans.com.br\/wp-content\/uploads\/2022\/06\/CRB_6481-Edit-1024x1536.jpg 1024w, https:\/\/madamefermans.com.br\/wp-content\/uploads\/2022\/06\/CRB_6481-Edit-1365x2048.jpg 1365w, https:\/\/madamefermans.com.br\/wp-content\/uploads\/2022\/06\/CRB_6481-Edit-8x12.jpg 8w, https:\/\/madamefermans.com.br\/wp-content\/uploads\/2022\/06\/CRB_6481-Edit-440x660.jpg 440w, https:\/\/madamefermans.com.br\/wp-content\/uploads\/2022\/06\/CRB_6481-Edit-scaled.jpg 1707w\" sizes=\"auto, (max-width: 683px) 100vw, 683px\" \/><\/figure>\n<\/div>\n\n\n<hr class=\"wp-block-separator has-css-opacity\"\/>\n\n\n\n<hr class=\"wp-block-separator has-css-opacity\"\/>\n\n\n\n<hr class=\"wp-block-separator has-css-opacity\"\/>\n\n\n\n<p class=\"has-text-align-center has-small-font-size\"><a href=\"https:\/\/madamefermans.com.br\/en\/?page_id=411\">Privacy policy<\/a><\/p>","protected":false},"excerpt":{"rendered":"<p>Sou uma mulher que descobriu o prazer da maldade mais jovem do que qualquer um possa imaginar, uma adolesc\u00eancia recheada &hellip; <a href=\"https:\/\/madamefermans.com.br\/en\/\" class=\"more-link\"><span class=\"more-button\">Continue Reading<span class=\"screen-reader-text\">The Mistress<\/span><\/span><\/a><\/p>","protected":false},"author":1,"featured_media":0,"parent":0,"menu_order":0,"comment_status":"closed","ping_status":"closed","template":"","meta":{"_monsterinsights_skip_tracking":false,"_monsterinsights_sitenote_active":false,"_monsterinsights_sitenote_note":"","_monsterinsights_sitenote_category":0,"footnotes":""},"class_list":["post-50","page","type-page","status-publish","hentry"],"yoast_head":"<!-- This site is optimized with the Yoast SEO plugin v27.5 - https:\/\/yoast.com\/product\/yoast-seo-wordpress\/ -->\n<title>A Mistress - Madame Fermans<\/title>\n<meta name=\"robots\" content=\"index, follow, max-snippet:-1, max-image-preview:large, max-video-preview:-1\" \/>\n<link rel=\"canonical\" href=\"http:\/\/madamefermans.com.br\/en\/\" \/>\n<meta property=\"og:locale\" content=\"en_US\" \/>\n<meta property=\"og:type\" content=\"article\" \/>\n<meta property=\"og:title\" content=\"A Mistress - Madame Fermans\" \/>\n<meta property=\"og:description\" content=\"Sou uma mulher que descobriu o prazer da maldade mais jovem do que qualquer um possa imaginar, uma adolesc\u00eancia recheada &hellip; Continue ReadingA Mistress\" \/>\n<meta property=\"og:url\" content=\"http:\/\/madamefermans.com.br\/en\/\" \/>\n<meta property=\"og:site_name\" content=\"Madame Fermans\" \/>\n<meta property=\"article:modified_time\" content=\"2023-08-03T16:43:52+00:00\" \/>\n<meta property=\"og:image\" content=\"http:\/\/madamefermans.com.br\/wp-content\/uploads\/2023\/08\/LOGO-1024x1024.jpeg\" \/>\n<meta name=\"twitter:card\" content=\"summary_large_image\" \/>\n<meta name=\"twitter:label1\" content=\"Est. reading time\" \/>\n\t<meta name=\"twitter:data1\" content=\"2 minutes\" \/>\n<script type=\"application\/ld+json\" class=\"yoast-schema-graph\">{\"@context\":\"https:\\\/\\\/schema.org\",\"@graph\":[{\"@type\":\"WebPage\",\"@id\":\"http:\\\/\\\/madamefermans.com.br\\\/\",\"url\":\"http:\\\/\\\/madamefermans.com.br\\\/\",\"name\":\"A Mistress - Madame Fermans\",\"isPartOf\":{\"@id\":\"http:\\\/\\\/madamefermans.com.br\\\/#website\"},\"primaryImageOfPage\":{\"@id\":\"http:\\\/\\\/madamefermans.com.br\\\/#primaryimage\"},\"image\":{\"@id\":\"http:\\\/\\\/madamefermans.com.br\\\/#primaryimage\"},\"thumbnailUrl\":\"http:\\\/\\\/madamefermans.com.br\\\/wp-content\\\/uploads\\\/2023\\\/08\\\/LOGO-1024x1024.jpeg\",\"datePublished\":\"2020-05-29T00:32:06+00:00\",\"dateModified\":\"2023-08-03T16:43:52+00:00\",\"breadcrumb\":{\"@id\":\"http:\\\/\\\/madamefermans.com.br\\\/#breadcrumb\"},\"inLanguage\":\"en-US\",\"potentialAction\":[{\"@type\":\"ReadAction\",\"target\":[\"http:\\\/\\\/madamefermans.com.br\\\/\"]}]},{\"@type\":\"ImageObject\",\"inLanguage\":\"en-US\",\"@id\":\"http:\\\/\\\/madamefermans.com.br\\\/#primaryimage\",\"url\":\"http:\\\/\\\/madamefermans.com.br\\\/wp-content\\\/uploads\\\/2023\\\/08\\\/LOGO-1024x1024.jpeg\",\"contentUrl\":\"http:\\\/\\\/madamefermans.com.br\\\/wp-content\\\/uploads\\\/2023\\\/08\\\/LOGO-1024x1024.jpeg\"},{\"@type\":\"BreadcrumbList\",\"@id\":\"http:\\\/\\\/madamefermans.com.br\\\/#breadcrumb\",\"itemListElement\":[{\"@type\":\"ListItem\",\"position\":1,\"name\":\"In\u00edcio\",\"item\":\"http:\\\/\\\/madamefermans.com.br\\\/\"},{\"@type\":\"ListItem\",\"position\":2,\"name\":\"A Mistress\"}]},{\"@type\":\"WebSite\",\"@id\":\"http:\\\/\\\/madamefermans.com.br\\\/#website\",\"url\":\"http:\\\/\\\/madamefermans.com.br\\\/\",\"name\":\"Madame Fermans\",\"description\":\"\",\"publisher\":{\"@id\":\"http:\\\/\\\/madamefermans.com.br\\\/#\\\/schema\\\/person\\\/6b2a1ba3ee3539669c036e304c4a5c30\"},\"potentialAction\":[{\"@type\":\"SearchAction\",\"target\":{\"@type\":\"EntryPoint\",\"urlTemplate\":\"http:\\\/\\\/madamefermans.com.br\\\/?s={search_term_string}\"},\"query-input\":{\"@type\":\"PropertyValueSpecification\",\"valueRequired\":true,\"valueName\":\"search_term_string\"}}],\"inLanguage\":\"en-US\"},{\"@type\":[\"Person\",\"Organization\"],\"@id\":\"http:\\\/\\\/madamefermans.com.br\\\/#\\\/schema\\\/person\\\/6b2a1ba3ee3539669c036e304c4a5c30\",\"name\":\"madame83_wp\",\"image\":{\"@type\":\"ImageObject\",\"inLanguage\":\"en-US\",\"@id\":\"https:\\\/\\\/madamefermans.com.br\\\/wp-content\\\/uploads\\\/2020\\\/05\\\/cropped-BDSMLOGO-2.png\",\"url\":\"https:\\\/\\\/madamefermans.com.br\\\/wp-content\\\/uploads\\\/2020\\\/05\\\/cropped-BDSMLOGO-2.png\",\"contentUrl\":\"https:\\\/\\\/madamefermans.com.br\\\/wp-content\\\/uploads\\\/2020\\\/05\\\/cropped-BDSMLOGO-2.png\",\"width\":600,\"height\":600,\"caption\":\"madame83_wp\"},\"logo\":{\"@id\":\"https:\\\/\\\/madamefermans.com.br\\\/wp-content\\\/uploads\\\/2020\\\/05\\\/cropped-BDSMLOGO-2.png\"},\"sameAs\":[\"http:\\\/\\\/madamefermans.com.br\"]}]}<\/script>\n<!-- \/ Yoast SEO plugin. -->","yoast_head_json":{"title":"A Mistress - Madame Fermans","robots":{"index":"index","follow":"follow","max-snippet":"max-snippet:-1","max-image-preview":"max-image-preview:large","max-video-preview":"max-video-preview:-1"},"canonical":"http:\/\/madamefermans.com.br\/en\/","og_locale":"en_US","og_type":"article","og_title":"A Mistress - Madame Fermans","og_description":"Sou uma mulher que descobriu o prazer da maldade mais jovem do que qualquer um possa imaginar, uma adolesc\u00eancia recheada &hellip; Continue ReadingA Mistress","og_url":"http:\/\/madamefermans.com.br\/en\/","og_site_name":"Madame Fermans","article_modified_time":"2023-08-03T16:43:52+00:00","og_image":[{"url":"http:\/\/madamefermans.com.br\/wp-content\/uploads\/2023\/08\/LOGO-1024x1024.jpeg","type":"","width":"","height":""}],"twitter_card":"summary_large_image","twitter_misc":{"Est. reading time":"2 minutes"},"schema":{"@context":"https:\/\/schema.org","@graph":[{"@type":"WebPage","@id":"http:\/\/madamefermans.com.br\/","url":"http:\/\/madamefermans.com.br\/","name":"A Mistress - Madame Fermans","isPartOf":{"@id":"http:\/\/madamefermans.com.br\/#website"},"primaryImageOfPage":{"@id":"http:\/\/madamefermans.com.br\/#primaryimage"},"image":{"@id":"http:\/\/madamefermans.com.br\/#primaryimage"},"thumbnailUrl":"http:\/\/madamefermans.com.br\/wp-content\/uploads\/2023\/08\/LOGO-1024x1024.jpeg","datePublished":"2020-05-29T00:32:06+00:00","dateModified":"2023-08-03T16:43:52+00:00","breadcrumb":{"@id":"http:\/\/madamefermans.com.br\/#breadcrumb"},"inLanguage":"en-US","potentialAction":[{"@type":"ReadAction","target":["http:\/\/madamefermans.com.br\/"]}]},{"@type":"ImageObject","inLanguage":"en-US","@id":"http:\/\/madamefermans.com.br\/#primaryimage","url":"http:\/\/madamefermans.com.br\/wp-content\/uploads\/2023\/08\/LOGO-1024x1024.jpeg","contentUrl":"http:\/\/madamefermans.com.br\/wp-content\/uploads\/2023\/08\/LOGO-1024x1024.jpeg"},{"@type":"BreadcrumbList","@id":"http:\/\/madamefermans.com.br\/#breadcrumb","itemListElement":[{"@type":"ListItem","position":1,"name":"In\u00edcio","item":"http:\/\/madamefermans.com.br\/"},{"@type":"ListItem","position":2,"name":"A Mistress"}]},{"@type":"WebSite","@id":"http:\/\/madamefermans.com.br\/#website","url":"http:\/\/madamefermans.com.br\/","name":"Madame Fermans","description":"","publisher":{"@id":"http:\/\/madamefermans.com.br\/#\/schema\/person\/6b2a1ba3ee3539669c036e304c4a5c30"},"potentialAction":[{"@type":"SearchAction","target":{"@type":"EntryPoint","urlTemplate":"http:\/\/madamefermans.com.br\/?s={search_term_string}"},"query-input":{"@type":"PropertyValueSpecification","valueRequired":true,"valueName":"search_term_string"}}],"inLanguage":"en-US"},{"@type":["Person","Organization"],"@id":"http:\/\/madamefermans.com.br\/#\/schema\/person\/6b2a1ba3ee3539669c036e304c4a5c30","name":"madame83_wp","image":{"@type":"ImageObject","inLanguage":"en-US","@id":"https:\/\/madamefermans.com.br\/wp-content\/uploads\/2020\/05\/cropped-BDSMLOGO-2.png","url":"https:\/\/madamefermans.com.br\/wp-content\/uploads\/2020\/05\/cropped-BDSMLOGO-2.png","contentUrl":"https:\/\/madamefermans.com.br\/wp-content\/uploads\/2020\/05\/cropped-BDSMLOGO-2.png","width":600,"height":600,"caption":"madame83_wp"},"logo":{"@id":"https:\/\/madamefermans.com.br\/wp-content\/uploads\/2020\/05\/cropped-BDSMLOGO-2.png"},"sameAs":["http:\/\/madamefermans.com.br"]}]}},"_links":{"self":[{"href":"https:\/\/madamefermans.com.br\/en\/wp-json\/wp\/v2\/pages\/50","targetHints":{"allow":["GET"]}}],"collection":[{"href":"https:\/\/madamefermans.com.br\/en\/wp-json\/wp\/v2\/pages"}],"about":[{"href":"https:\/\/madamefermans.com.br\/en\/wp-json\/wp\/v2\/types\/page"}],"author":[{"embeddable":true,"href":"https:\/\/madamefermans.com.br\/en\/wp-json\/wp\/v2\/users\/1"}],"replies":[{"embeddable":true,"href":"https:\/\/madamefermans.com.br\/en\/wp-json\/wp\/v2\/comments?post=50"}],"version-history":[{"count":5,"href":"https:\/\/madamefermans.com.br\/en\/wp-json\/wp\/v2\/pages\/50\/revisions"}],"predecessor-version":[{"id":805,"href":"https:\/\/madamefermans.com.br\/en\/wp-json\/wp\/v2\/pages\/50\/revisions\/805"}],"wp:attachment":[{"href":"https:\/\/madamefermans.com.br\/en\/wp-json\/wp\/v2\/media?parent=50"}],"curies":[{"name":"wp","href":"https:\/\/api.w.org\/{rel}","templated":true}]}}