{"id":51,"date":"2020-05-29T00:32:06","date_gmt":"2020-05-29T00:32:06","guid":{"rendered":"http:\/\/madamefermans.com.br\/?page_id=51"},"modified":"2026-01-11T15:30:14","modified_gmt":"2026-01-11T15:30:14","slug":"sessoes","status":"publish","type":"page","link":"https:\/\/madamefermans.com.br\/en\/sessoes\/","title":{"rendered":"Sessions"},"content":{"rendered":"<figure class=\"wp-block-image size-large is-style-default\"><img loading=\"lazy\" decoding=\"async\" width=\"1024\" height=\"826\" src=\"https:\/\/madamefermans.com.br\/wp-content\/uploads\/2020\/06\/p\u00c9sboa-1024x826.jpeg\" alt=\"\" class=\"wp-image-280\" srcset=\"https:\/\/madamefermans.com.br\/wp-content\/uploads\/2020\/06\/p\u00c9sboa-1024x826.jpeg 1024w, https:\/\/madamefermans.com.br\/wp-content\/uploads\/2020\/06\/p\u00c9sboa-300x242.jpeg 300w, https:\/\/madamefermans.com.br\/wp-content\/uploads\/2020\/06\/p\u00c9sboa-768x619.jpeg 768w, https:\/\/madamefermans.com.br\/wp-content\/uploads\/2020\/06\/p\u00c9sboa-819x660.jpeg 819w, https:\/\/madamefermans.com.br\/wp-content\/uploads\/2020\/06\/p\u00c9sboa.jpeg 1280w\" sizes=\"auto, (max-width: 1024px) 100vw, 1024px\" \/><\/figure>\n\n\n\n<p class=\"has-white-color has-text-color has-large-font-size\"><strong>Equipamentos usados em sess\u00e3o:<\/strong><\/p>\n\n\n\n<p>Descart\u00e1veis: Sondas, Agulhas, Fitas, Pl\u00e1stico Filme, Sacos, Preservativos, Gazes, Algod\u00e3o.<\/p>\n\n\n\n<p>Todos materiais utilizados s\u00e3o descartado na frente do submisso(a) ap\u00f3s o uso.<\/p>\n\n\n\n<p>Higieniz\u00e1veis: equipamentos de INOX s\u00e3o lavados com \u00e1gua quente e sab\u00e3o, em seguida \u00e1lcool 70%.<\/p>\n\n\n\n<p>Equipamentos de vidro e acr\u00edlico s\u00e3o lavados com \u00e1gua e sab\u00e3o, em seguida \u00e1lcool 70%.<\/p>\n\n\n\n<p>Dildos e plugs de Silicone: s\u00e3o lavados regularmente com \u00e1gua e sab\u00e3o e somente utilizados com uso de preservativo descart\u00e1vel.<\/p>\n\n\n\n<p>OBS. Uso de luvas descart\u00e1veis para realizar praticas que envolvam manipula\u00e7\u00e3o dos genitais e \u00e2nus.<\/p>\n\n\n\n<p><\/p>\n\n\n\n<p class=\"has-text-align-center has-white-color has-text-color has-large-font-size\"><strong>Apresenta\u00e7\u00e3o<\/strong><\/p>\n\n\n\n<p class=\"has-text-align-center\">\u00c9 INDISPENS\u00c1VEL DEIXAR CLARO NA SUA APRESENTA\u00c7\u00c3O AS PR\u00c1TICAS QUE DESEJA SE SUBMETER, ASSIM COMO OS LIMITES RIGIDOS.<\/p>\n\n\n\n<p class=\"has-text-align-center\">Seja CLARO sobre suas expectativas e vontades para que n\u00e3o haja frustra\u00e7\u00e3o ou duvidas.<\/p>\n\n\n\n<p class=\"has-text-align-center\">Envie a sua apresenta\u00e7\u00e3o pelos <a href=\"https:\/\/madamefermans.com.br\/en\/?page_id=75\">CONTATOS<\/a>.<\/p>\n\n\n\n<p class=\"has-text-align-center has-white-color has-text-color has-large-font-size\"><strong>Agendamentos:<\/strong><\/p>\n\n\n\n<p>A sess\u00e3o deve ser agendada com no m\u00ednimo 24hrs de anteced\u00eancia e um sinal para reservar o dia\/hor\u00e1rio .<\/p>\n\n\n\n<p class=\"has-text-align-center has-white-color has-text-color has-large-font-size\"><strong>Valores de Tributo:<\/strong><\/p>\n\n\n\n<p class=\"has-text-align-center\">1h. R$<strong>500<\/strong><\/p>\n\n\n\n<p class=\"has-text-align-center\"><strong><mark style=\"background-color:rgba(0, 0, 0, 0)\" class=\"has-inline-color has-white-color\">Sess\u00e3o em Dupla com minha Crossdresser\/Submisso.<\/mark><\/strong><\/p>\n\n\n\n<p class=\"has-text-align-center\">1h. R$800<\/p>\n\n\n\n<p class=\"has-text-align-center\">( <em>\u00c9 permitido usa-la sexualmente sob minha supervis\u00e3o<\/em> )<\/p>\n\n\n\n<p class=\"has-text-align-center\"><mark style=\"background-color:rgba(0, 0, 0, 0)\" class=\"has-inline-color has-white-color\"><strong>Sess\u00e3o para Casais :<\/strong><\/mark><br>1h e 30min. R$ <strong>1<\/strong>500<\/p>\n\n\n\n<p class=\"has-text-align-center\"><strong><mark style=\"background-color:rgba(0, 0, 0, 0)\" class=\"has-inline-color has-white-color\">Sess\u00e3o Podolatria<\/mark><\/strong> <\/p>\n\n\n\n<p class=\"has-text-align-center\">1h. R$ 400<br>(<em>Somente praticas com os p\u00e9s\/saltos: adora\u00e7\u00e3o, trampling, crushing, footjob.<\/em>)<\/p>\n\n\n\n<p class=\"has-text-align-center\"><strong><mark style=\"background-color:rgba(0, 0, 0, 0)\" class=\"has-inline-color has-white-color\">Sess\u00e3o por \u00e1udio (liga\u00e7\u00e3o): <\/mark><\/strong>10 mint. R$ 50<\/p>\n\n\n\n<p class=\"has-text-align-center\"><strong><mark style=\"background-color:rgba(0, 0, 0, 0)\" class=\"has-inline-color has-white-color\">Sess\u00e3o por v\u00eddeo chamada : <\/mark><\/strong>20 mint. R$ 200<\/p>\n\n\n\n<p class=\"has-text-align-center\"><strong><mark style=\"background-color:rgba(0, 0, 0, 0)\" class=\"has-inline-color has-white-color\">Experi\u00eancia de Imers\u00e3o:<\/mark><\/strong> 12hrs R$ 4.000 ou 24hrs 6.000 (Avalia\u00e7\u00e3o)<\/p>\n\n\n\n<p class=\"has-text-align-center\">(<em>Na imers\u00e3o voc\u00ea ter\u00e1 oportunidade de vivenciar a rotina de 24\/7<\/em>)<\/p>\n\n\n\n<p class=\"has-text-align-center\">Realizo sess\u00f5es em Mot\u00e9is\/Hot\u00e9is: valor da su\u00edte e transporte por conta do submisso(a).<\/p>\n\n\n\n<p class=\"has-text-align-center\"><\/p>\n\n\n\n<p class=\"has-text-align-center\"><strong>N\u00c3O FA\u00c7O SEXO, APENAS PRATICAS DE BDSM<\/strong><\/p>\n\n\n\n<p class=\"has-text-align-center has-small-font-size\"><a href=\"https:\/\/madamefermans.com.br\/en\/?page_id=411\">Privacy policy<\/a><\/p>","protected":false},"excerpt":{"rendered":"<p>Equipamentos usados em sess\u00e3o: Descart\u00e1veis: Sondas, Agulhas, Fitas, Pl\u00e1stico Filme, Sacos, Preservativos, Gazes, Algod\u00e3o. Todos materiais utilizados s\u00e3o descartado na &hellip; <a href=\"https:\/\/madamefermans.com.br\/en\/sessoes\/\" class=\"more-link\"><span class=\"more-button\">Continue Reading<span class=\"screen-reader-text\">Sessions<\/span><\/span><\/a><\/p>","protected":false},"author":1,"featured_media":0,"parent":0,"menu_order":0,"comment_status":"closed","ping_status":"closed","template":"","meta":{"_monsterinsights_skip_tracking":false,"_monsterinsights_sitenote_active":false,"_monsterinsights_sitenote_note":"","_monsterinsights_sitenote_category":0,"footnotes":""},"class_list":["post-51","page","type-page","status-publish","hentry"],"yoast_head":"<!-- This site is optimized with the Yoast SEO plugin v27.5 - https:\/\/yoast.com\/product\/yoast-seo-wordpress\/ -->\n<title>Sess\u00f5es - Madame Fermans<\/title>\n<meta name=\"robots\" content=\"index, follow, max-snippet:-1, max-image-preview:large, max-video-preview:-1\" \/>\n<link rel=\"canonical\" href=\"http:\/\/madamefermans.com.br\/en\/sessoes\/\" \/>\n<meta property=\"og:locale\" content=\"en_US\" \/>\n<meta property=\"og:type\" content=\"article\" \/>\n<meta property=\"og:title\" content=\"Sess\u00f5es - Madame Fermans\" \/>\n<meta property=\"og:description\" content=\"Equipamentos usados em sess\u00e3o: Descart\u00e1veis: Sondas, Agulhas, Fitas, Pl\u00e1stico Filme, Sacos, Preservativos, Gazes, Algod\u00e3o. Todos materiais utilizados s\u00e3o descartado na &hellip; Continue ReadingSess\u00f5es\" \/>\n<meta property=\"og:url\" content=\"http:\/\/madamefermans.com.br\/en\/sessoes\/\" \/>\n<meta property=\"og:site_name\" content=\"Madame Fermans\" \/>\n<meta property=\"article:modified_time\" content=\"2026-01-11T15:30:14+00:00\" \/>\n<meta name=\"twitter:card\" content=\"summary_large_image\" \/>\n<meta name=\"twitter:label1\" content=\"Est. reading time\" \/>\n\t<meta name=\"twitter:data1\" content=\"2 minutes\" \/>\n<script type=\"application\/ld+json\" class=\"yoast-schema-graph\">{\"@context\":\"https:\\\/\\\/schema.org\",\"@graph\":[{\"@type\":\"WebPage\",\"@id\":\"http:\\\/\\\/madamefermans.com.br\\\/sessoes\\\/\",\"url\":\"http:\\\/\\\/madamefermans.com.br\\\/sessoes\\\/\",\"name\":\"Sess\u00f5es - Madame Fermans\",\"isPartOf\":{\"@id\":\"http:\\\/\\\/madamefermans.com.br\\\/#website\"},\"datePublished\":\"2020-05-29T00:32:06+00:00\",\"dateModified\":\"2026-01-11T15:30:14+00:00\",\"breadcrumb\":{\"@id\":\"http:\\\/\\\/madamefermans.com.br\\\/sessoes\\\/#breadcrumb\"},\"inLanguage\":\"en-US\",\"potentialAction\":[{\"@type\":\"ReadAction\",\"target\":[\"http:\\\/\\\/madamefermans.com.br\\\/sessoes\\\/\"]}]},{\"@type\":\"BreadcrumbList\",\"@id\":\"http:\\\/\\\/madamefermans.com.br\\\/sessoes\\\/#breadcrumb\",\"itemListElement\":[{\"@type\":\"ListItem\",\"position\":1,\"name\":\"In\u00edcio\",\"item\":\"http:\\\/\\\/madamefermans.com.br\\\/\"},{\"@type\":\"ListItem\",\"position\":2,\"name\":\"Sess\u00f5es\"}]},{\"@type\":\"WebSite\",\"@id\":\"http:\\\/\\\/madamefermans.com.br\\\/#website\",\"url\":\"http:\\\/\\\/madamefermans.com.br\\\/\",\"name\":\"Madame Fermans\",\"description\":\"\",\"publisher\":{\"@id\":\"http:\\\/\\\/madamefermans.com.br\\\/#\\\/schema\\\/person\\\/6b2a1ba3ee3539669c036e304c4a5c30\"},\"potentialAction\":[{\"@type\":\"SearchAction\",\"target\":{\"@type\":\"EntryPoint\",\"urlTemplate\":\"http:\\\/\\\/madamefermans.com.br\\\/?s={search_term_string}\"},\"query-input\":{\"@type\":\"PropertyValueSpecification\",\"valueRequired\":true,\"valueName\":\"search_term_string\"}}],\"inLanguage\":\"en-US\"},{\"@type\":[\"Person\",\"Organization\"],\"@id\":\"http:\\\/\\\/madamefermans.com.br\\\/#\\\/schema\\\/person\\\/6b2a1ba3ee3539669c036e304c4a5c30\",\"name\":\"madame83_wp\",\"image\":{\"@type\":\"ImageObject\",\"inLanguage\":\"en-US\",\"@id\":\"https:\\\/\\\/madamefermans.com.br\\\/wp-content\\\/uploads\\\/2020\\\/05\\\/cropped-BDSMLOGO-2.png\",\"url\":\"https:\\\/\\\/madamefermans.com.br\\\/wp-content\\\/uploads\\\/2020\\\/05\\\/cropped-BDSMLOGO-2.png\",\"contentUrl\":\"https:\\\/\\\/madamefermans.com.br\\\/wp-content\\\/uploads\\\/2020\\\/05\\\/cropped-BDSMLOGO-2.png\",\"width\":600,\"height\":600,\"caption\":\"madame83_wp\"},\"logo\":{\"@id\":\"https:\\\/\\\/madamefermans.com.br\\\/wp-content\\\/uploads\\\/2020\\\/05\\\/cropped-BDSMLOGO-2.png\"},\"sameAs\":[\"http:\\\/\\\/madamefermans.com.br\"]}]}<\/script>\n<!-- \/ Yoast SEO plugin. -->","yoast_head_json":{"title":"Sess\u00f5es - Madame Fermans","robots":{"index":"index","follow":"follow","max-snippet":"max-snippet:-1","max-image-preview":"max-image-preview:large","max-video-preview":"max-video-preview:-1"},"canonical":"http:\/\/madamefermans.com.br\/en\/sessoes\/","og_locale":"en_US","og_type":"article","og_title":"Sess\u00f5es - Madame Fermans","og_description":"Equipamentos usados em sess\u00e3o: Descart\u00e1veis: Sondas, Agulhas, Fitas, Pl\u00e1stico Filme, Sacos, Preservativos, Gazes, Algod\u00e3o. Todos materiais utilizados s\u00e3o descartado na &hellip; Continue ReadingSess\u00f5es","og_url":"http:\/\/madamefermans.com.br\/en\/sessoes\/","og_site_name":"Madame Fermans","article_modified_time":"2026-01-11T15:30:14+00:00","twitter_card":"summary_large_image","twitter_misc":{"Est. reading time":"2 minutes"},"schema":{"@context":"https:\/\/schema.org","@graph":[{"@type":"WebPage","@id":"http:\/\/madamefermans.com.br\/sessoes\/","url":"http:\/\/madamefermans.com.br\/sessoes\/","name":"Sess\u00f5es - Madame Fermans","isPartOf":{"@id":"http:\/\/madamefermans.com.br\/#website"},"datePublished":"2020-05-29T00:32:06+00:00","dateModified":"2026-01-11T15:30:14+00:00","breadcrumb":{"@id":"http:\/\/madamefermans.com.br\/sessoes\/#breadcrumb"},"inLanguage":"en-US","potentialAction":[{"@type":"ReadAction","target":["http:\/\/madamefermans.com.br\/sessoes\/"]}]},{"@type":"BreadcrumbList","@id":"http:\/\/madamefermans.com.br\/sessoes\/#breadcrumb","itemListElement":[{"@type":"ListItem","position":1,"name":"In\u00edcio","item":"http:\/\/madamefermans.com.br\/"},{"@type":"ListItem","position":2,"name":"Sess\u00f5es"}]},{"@type":"WebSite","@id":"http:\/\/madamefermans.com.br\/#website","url":"http:\/\/madamefermans.com.br\/","name":"Madame Fermans","description":"","publisher":{"@id":"http:\/\/madamefermans.com.br\/#\/schema\/person\/6b2a1ba3ee3539669c036e304c4a5c30"},"potentialAction":[{"@type":"SearchAction","target":{"@type":"EntryPoint","urlTemplate":"http:\/\/madamefermans.com.br\/?s={search_term_string}"},"query-input":{"@type":"PropertyValueSpecification","valueRequired":true,"valueName":"search_term_string"}}],"inLanguage":"en-US"},{"@type":["Person","Organization"],"@id":"http:\/\/madamefermans.com.br\/#\/schema\/person\/6b2a1ba3ee3539669c036e304c4a5c30","name":"madame83_wp","image":{"@type":"ImageObject","inLanguage":"en-US","@id":"https:\/\/madamefermans.com.br\/wp-content\/uploads\/2020\/05\/cropped-BDSMLOGO-2.png","url":"https:\/\/madamefermans.com.br\/wp-content\/uploads\/2020\/05\/cropped-BDSMLOGO-2.png","contentUrl":"https:\/\/madamefermans.com.br\/wp-content\/uploads\/2020\/05\/cropped-BDSMLOGO-2.png","width":600,"height":600,"caption":"madame83_wp"},"logo":{"@id":"https:\/\/madamefermans.com.br\/wp-content\/uploads\/2020\/05\/cropped-BDSMLOGO-2.png"},"sameAs":["http:\/\/madamefermans.com.br"]}]}},"_links":{"self":[{"href":"https:\/\/madamefermans.com.br\/en\/wp-json\/wp\/v2\/pages\/51","targetHints":{"allow":["GET"]}}],"collection":[{"href":"https:\/\/madamefermans.com.br\/en\/wp-json\/wp\/v2\/pages"}],"about":[{"href":"https:\/\/madamefermans.com.br\/en\/wp-json\/wp\/v2\/types\/page"}],"author":[{"embeddable":true,"href":"https:\/\/madamefermans.com.br\/en\/wp-json\/wp\/v2\/users\/1"}],"replies":[{"embeddable":true,"href":"https:\/\/madamefermans.com.br\/en\/wp-json\/wp\/v2\/comments?post=51"}],"version-history":[{"count":8,"href":"https:\/\/madamefermans.com.br\/en\/wp-json\/wp\/v2\/pages\/51\/revisions"}],"predecessor-version":[{"id":864,"href":"https:\/\/madamefermans.com.br\/en\/wp-json\/wp\/v2\/pages\/51\/revisions\/864"}],"wp:attachment":[{"href":"https:\/\/madamefermans.com.br\/en\/wp-json\/wp\/v2\/media?parent=51"}],"curies":[{"name":"wp","href":"https:\/\/api.w.org\/{rel}","templated":true}]}}