{"id":52,"date":"2020-05-29T00:32:06","date_gmt":"2020-05-29T00:32:06","guid":{"rendered":"http:\/\/madamefermans.com.br\/?page_id=52"},"modified":"2026-01-11T15:32:46","modified_gmt":"2026-01-11T15:32:46","slug":"mimos-tributos","status":"publish","type":"page","link":"https:\/\/madamefermans.com.br\/en\/mimos-tributos\/","title":{"rendered":"Gifts and Tributes"},"content":{"rendered":"<p> A melhor maneira de chamar a minha aten\u00e7\u00e3o \u00e9 demonstrando a sua dedica\u00e7\u00e3o e utilidade, servir \u00e9 um prazer sempre ent\u00e3o voc\u00ea pode me mandar dep\u00f3sitos, PIX e tamb\u00e9m me presentear com algum dos itens abaixo:<\/p>\n\n\n\n<div class=\"wp-block-columns is-layout-flex wp-container-core-columns-is-layout-9d6595d7 wp-block-columns-is-layout-flex\">\n<div class=\"wp-block-column is-layout-flow wp-block-column-is-layout-flow\"><div class=\"wp-block-image is-style-default\">\n<figure class=\"aligncenter size-large is-resized\"><img loading=\"lazy\" decoding=\"async\" width=\"683\" height=\"1024\" src=\"https:\/\/madamefermans.com.br\/wp-content\/uploads\/2021\/09\/WhatsApp-Image-2021-09-28-at-14.02.36-683x1024.jpeg\" alt=\"\" class=\"wp-image-703\" style=\"width:455px;height:682px\" srcset=\"https:\/\/madamefermans.com.br\/wp-content\/uploads\/2021\/09\/WhatsApp-Image-2021-09-28-at-14.02.36-683x1024.jpeg 683w, https:\/\/madamefermans.com.br\/wp-content\/uploads\/2021\/09\/WhatsApp-Image-2021-09-28-at-14.02.36-200x300.jpeg 200w, https:\/\/madamefermans.com.br\/wp-content\/uploads\/2021\/09\/WhatsApp-Image-2021-09-28-at-14.02.36-768x1151.jpeg 768w, https:\/\/madamefermans.com.br\/wp-content\/uploads\/2021\/09\/WhatsApp-Image-2021-09-28-at-14.02.36-8x12.jpeg 8w, https:\/\/madamefermans.com.br\/wp-content\/uploads\/2021\/09\/WhatsApp-Image-2021-09-28-at-14.02.36-440x660.jpeg 440w, https:\/\/madamefermans.com.br\/wp-content\/uploads\/2021\/09\/WhatsApp-Image-2021-09-28-at-14.02.36.jpeg 854w\" sizes=\"auto, (max-width: 683px) 100vw, 683px\" \/><figcaption class=\"wp-element-caption\">Madame Fermans<\/figcaption><\/figure>\n<\/div><\/div>\n\n\n\n<div class=\"wp-block-column is-layout-flow wp-block-column-is-layout-flow\">\n<ul class=\"wp-block-list\">\n<li>Botas, Saltos e Chinelos<\/li>\n\n\n\n<li>Perfumes, Maquiagens <\/li>\n\n\n\n<li>L\u00e1tex, Couro, Vinil, PVC<\/li>\n\n\n\n<li>Acess\u00f3rios para a masmorra<\/li>\n<\/ul>\n\n\n\n<p>Entrar e, contato comigo por e-mail para me presentar.<\/p>\n\n\n\n<hr class=\"wp-block-separator has-css-opacity\"\/>\n\n\n\n<hr class=\"wp-block-separator has-css-opacity\"\/>\n\n\n\n<p><\/p>\n<\/div>\n<\/div>\n\n\n\n<hr class=\"wp-block-separator has-css-opacity\"\/>\n\n\n\n<hr class=\"wp-block-separator has-css-opacity\"\/>\n\n\n\n<hr class=\"wp-block-separator has-css-opacity\"\/>\n\n\n\n<hr class=\"wp-block-separator has-css-opacity\"\/>\n\n\n\n<p class=\"has-text-align-center has-small-font-size\"><a href=\"https:\/\/madamefermans.com.br\/en\/?page_id=411\">Privacy policy<\/a><\/p>","protected":false},"excerpt":{"rendered":"<p>A melhor maneira de chamar a minha aten\u00e7\u00e3o \u00e9 demonstrando a sua dedica\u00e7\u00e3o e utilidade, servir \u00e9 um prazer sempre &hellip; <a href=\"https:\/\/madamefermans.com.br\/en\/mimos-tributos\/\" class=\"more-link\"><span class=\"more-button\">Continue Reading<span class=\"screen-reader-text\">Gifts and Tributes<\/span><\/span><\/a><\/p>","protected":false},"author":1,"featured_media":0,"parent":0,"menu_order":0,"comment_status":"closed","ping_status":"closed","template":"","meta":{"_monsterinsights_skip_tracking":false,"_monsterinsights_sitenote_active":false,"_monsterinsights_sitenote_note":"","_monsterinsights_sitenote_category":0,"footnotes":""},"class_list":["post-52","page","type-page","status-publish","hentry"],"yoast_head":"<!-- This site is optimized with the Yoast SEO plugin v27.5 - https:\/\/yoast.com\/product\/yoast-seo-wordpress\/ -->\n<title>Mimos e Tributos - Madame Fermans<\/title>\n<meta name=\"robots\" content=\"index, follow, max-snippet:-1, max-image-preview:large, max-video-preview:-1\" \/>\n<link rel=\"canonical\" href=\"http:\/\/madamefermans.com.br\/en\/mimos-tributos\/\" \/>\n<meta property=\"og:locale\" content=\"en_US\" \/>\n<meta property=\"og:type\" content=\"article\" \/>\n<meta property=\"og:title\" content=\"Mimos e Tributos - Madame Fermans\" \/>\n<meta property=\"og:description\" content=\"A melhor maneira de chamar a minha aten\u00e7\u00e3o \u00e9 demonstrando a sua dedica\u00e7\u00e3o e utilidade, servir \u00e9 um prazer sempre &hellip; Continue ReadingMimos e Tributos\" \/>\n<meta property=\"og:url\" content=\"http:\/\/madamefermans.com.br\/en\/mimos-tributos\/\" \/>\n<meta property=\"og:site_name\" content=\"Madame Fermans\" \/>\n<meta property=\"article:modified_time\" content=\"2026-01-11T15:32:46+00:00\" \/>\n<meta property=\"og:image\" content=\"https:\/\/madamefermans.com.br\/wp-content\/uploads\/2021\/09\/WhatsApp-Image-2021-09-28-at-14.02.36-683x1024.jpeg\" \/>\n<meta name=\"twitter:card\" content=\"summary_large_image\" \/>\n<meta name=\"twitter:label1\" content=\"Est. reading time\" \/>\n\t<meta name=\"twitter:data1\" content=\"1 minute\" \/>\n<script type=\"application\/ld+json\" class=\"yoast-schema-graph\">{\"@context\":\"https:\\\/\\\/schema.org\",\"@graph\":[{\"@type\":\"WebPage\",\"@id\":\"http:\\\/\\\/madamefermans.com.br\\\/mimos-tributos\\\/\",\"url\":\"http:\\\/\\\/madamefermans.com.br\\\/mimos-tributos\\\/\",\"name\":\"Mimos e Tributos - Madame Fermans\",\"isPartOf\":{\"@id\":\"http:\\\/\\\/madamefermans.com.br\\\/#website\"},\"primaryImageOfPage\":{\"@id\":\"http:\\\/\\\/madamefermans.com.br\\\/mimos-tributos\\\/#primaryimage\"},\"image\":{\"@id\":\"http:\\\/\\\/madamefermans.com.br\\\/mimos-tributos\\\/#primaryimage\"},\"thumbnailUrl\":\"https:\\\/\\\/madamefermans.com.br\\\/wp-content\\\/uploads\\\/2021\\\/09\\\/WhatsApp-Image-2021-09-28-at-14.02.36-683x1024.jpeg\",\"datePublished\":\"2020-05-29T00:32:06+00:00\",\"dateModified\":\"2026-01-11T15:32:46+00:00\",\"breadcrumb\":{\"@id\":\"http:\\\/\\\/madamefermans.com.br\\\/mimos-tributos\\\/#breadcrumb\"},\"inLanguage\":\"en-US\",\"potentialAction\":[{\"@type\":\"ReadAction\",\"target\":[\"http:\\\/\\\/madamefermans.com.br\\\/mimos-tributos\\\/\"]}]},{\"@type\":\"ImageObject\",\"inLanguage\":\"en-US\",\"@id\":\"http:\\\/\\\/madamefermans.com.br\\\/mimos-tributos\\\/#primaryimage\",\"url\":\"https:\\\/\\\/madamefermans.com.br\\\/wp-content\\\/uploads\\\/2021\\\/09\\\/WhatsApp-Image-2021-09-28-at-14.02.36-683x1024.jpeg\",\"contentUrl\":\"https:\\\/\\\/madamefermans.com.br\\\/wp-content\\\/uploads\\\/2021\\\/09\\\/WhatsApp-Image-2021-09-28-at-14.02.36-683x1024.jpeg\"},{\"@type\":\"BreadcrumbList\",\"@id\":\"http:\\\/\\\/madamefermans.com.br\\\/mimos-tributos\\\/#breadcrumb\",\"itemListElement\":[{\"@type\":\"ListItem\",\"position\":1,\"name\":\"In\u00edcio\",\"item\":\"http:\\\/\\\/madamefermans.com.br\\\/\"},{\"@type\":\"ListItem\",\"position\":2,\"name\":\"Mimos e Tributos\"}]},{\"@type\":\"WebSite\",\"@id\":\"http:\\\/\\\/madamefermans.com.br\\\/#website\",\"url\":\"http:\\\/\\\/madamefermans.com.br\\\/\",\"name\":\"Madame Fermans\",\"description\":\"\",\"publisher\":{\"@id\":\"http:\\\/\\\/madamefermans.com.br\\\/#\\\/schema\\\/person\\\/6b2a1ba3ee3539669c036e304c4a5c30\"},\"potentialAction\":[{\"@type\":\"SearchAction\",\"target\":{\"@type\":\"EntryPoint\",\"urlTemplate\":\"http:\\\/\\\/madamefermans.com.br\\\/?s={search_term_string}\"},\"query-input\":{\"@type\":\"PropertyValueSpecification\",\"valueRequired\":true,\"valueName\":\"search_term_string\"}}],\"inLanguage\":\"en-US\"},{\"@type\":[\"Person\",\"Organization\"],\"@id\":\"http:\\\/\\\/madamefermans.com.br\\\/#\\\/schema\\\/person\\\/6b2a1ba3ee3539669c036e304c4a5c30\",\"name\":\"madame83_wp\",\"image\":{\"@type\":\"ImageObject\",\"inLanguage\":\"en-US\",\"@id\":\"https:\\\/\\\/madamefermans.com.br\\\/wp-content\\\/uploads\\\/2020\\\/05\\\/cropped-BDSMLOGO-2.png\",\"url\":\"https:\\\/\\\/madamefermans.com.br\\\/wp-content\\\/uploads\\\/2020\\\/05\\\/cropped-BDSMLOGO-2.png\",\"contentUrl\":\"https:\\\/\\\/madamefermans.com.br\\\/wp-content\\\/uploads\\\/2020\\\/05\\\/cropped-BDSMLOGO-2.png\",\"width\":600,\"height\":600,\"caption\":\"madame83_wp\"},\"logo\":{\"@id\":\"https:\\\/\\\/madamefermans.com.br\\\/wp-content\\\/uploads\\\/2020\\\/05\\\/cropped-BDSMLOGO-2.png\"},\"sameAs\":[\"http:\\\/\\\/madamefermans.com.br\"]}]}<\/script>\n<!-- \/ Yoast SEO plugin. -->","yoast_head_json":{"title":"Mimos e Tributos - Madame Fermans","robots":{"index":"index","follow":"follow","max-snippet":"max-snippet:-1","max-image-preview":"max-image-preview:large","max-video-preview":"max-video-preview:-1"},"canonical":"http:\/\/madamefermans.com.br\/en\/mimos-tributos\/","og_locale":"en_US","og_type":"article","og_title":"Mimos e Tributos - Madame Fermans","og_description":"A melhor maneira de chamar a minha aten\u00e7\u00e3o \u00e9 demonstrando a sua dedica\u00e7\u00e3o e utilidade, servir \u00e9 um prazer sempre &hellip; Continue ReadingMimos e Tributos","og_url":"http:\/\/madamefermans.com.br\/en\/mimos-tributos\/","og_site_name":"Madame Fermans","article_modified_time":"2026-01-11T15:32:46+00:00","og_image":[{"url":"https:\/\/madamefermans.com.br\/wp-content\/uploads\/2021\/09\/WhatsApp-Image-2021-09-28-at-14.02.36-683x1024.jpeg","type":"","width":"","height":""}],"twitter_card":"summary_large_image","twitter_misc":{"Est. reading time":"1 minute"},"schema":{"@context":"https:\/\/schema.org","@graph":[{"@type":"WebPage","@id":"http:\/\/madamefermans.com.br\/mimos-tributos\/","url":"http:\/\/madamefermans.com.br\/mimos-tributos\/","name":"Mimos e Tributos - Madame Fermans","isPartOf":{"@id":"http:\/\/madamefermans.com.br\/#website"},"primaryImageOfPage":{"@id":"http:\/\/madamefermans.com.br\/mimos-tributos\/#primaryimage"},"image":{"@id":"http:\/\/madamefermans.com.br\/mimos-tributos\/#primaryimage"},"thumbnailUrl":"https:\/\/madamefermans.com.br\/wp-content\/uploads\/2021\/09\/WhatsApp-Image-2021-09-28-at-14.02.36-683x1024.jpeg","datePublished":"2020-05-29T00:32:06+00:00","dateModified":"2026-01-11T15:32:46+00:00","breadcrumb":{"@id":"http:\/\/madamefermans.com.br\/mimos-tributos\/#breadcrumb"},"inLanguage":"en-US","potentialAction":[{"@type":"ReadAction","target":["http:\/\/madamefermans.com.br\/mimos-tributos\/"]}]},{"@type":"ImageObject","inLanguage":"en-US","@id":"http:\/\/madamefermans.com.br\/mimos-tributos\/#primaryimage","url":"https:\/\/madamefermans.com.br\/wp-content\/uploads\/2021\/09\/WhatsApp-Image-2021-09-28-at-14.02.36-683x1024.jpeg","contentUrl":"https:\/\/madamefermans.com.br\/wp-content\/uploads\/2021\/09\/WhatsApp-Image-2021-09-28-at-14.02.36-683x1024.jpeg"},{"@type":"BreadcrumbList","@id":"http:\/\/madamefermans.com.br\/mimos-tributos\/#breadcrumb","itemListElement":[{"@type":"ListItem","position":1,"name":"In\u00edcio","item":"http:\/\/madamefermans.com.br\/"},{"@type":"ListItem","position":2,"name":"Mimos e Tributos"}]},{"@type":"WebSite","@id":"http:\/\/madamefermans.com.br\/#website","url":"http:\/\/madamefermans.com.br\/","name":"Madame Fermans","description":"","publisher":{"@id":"http:\/\/madamefermans.com.br\/#\/schema\/person\/6b2a1ba3ee3539669c036e304c4a5c30"},"potentialAction":[{"@type":"SearchAction","target":{"@type":"EntryPoint","urlTemplate":"http:\/\/madamefermans.com.br\/?s={search_term_string}"},"query-input":{"@type":"PropertyValueSpecification","valueRequired":true,"valueName":"search_term_string"}}],"inLanguage":"en-US"},{"@type":["Person","Organization"],"@id":"http:\/\/madamefermans.com.br\/#\/schema\/person\/6b2a1ba3ee3539669c036e304c4a5c30","name":"madame83_wp","image":{"@type":"ImageObject","inLanguage":"en-US","@id":"https:\/\/madamefermans.com.br\/wp-content\/uploads\/2020\/05\/cropped-BDSMLOGO-2.png","url":"https:\/\/madamefermans.com.br\/wp-content\/uploads\/2020\/05\/cropped-BDSMLOGO-2.png","contentUrl":"https:\/\/madamefermans.com.br\/wp-content\/uploads\/2020\/05\/cropped-BDSMLOGO-2.png","width":600,"height":600,"caption":"madame83_wp"},"logo":{"@id":"https:\/\/madamefermans.com.br\/wp-content\/uploads\/2020\/05\/cropped-BDSMLOGO-2.png"},"sameAs":["http:\/\/madamefermans.com.br"]}]}},"_links":{"self":[{"href":"https:\/\/madamefermans.com.br\/en\/wp-json\/wp\/v2\/pages\/52","targetHints":{"allow":["GET"]}}],"collection":[{"href":"https:\/\/madamefermans.com.br\/en\/wp-json\/wp\/v2\/pages"}],"about":[{"href":"https:\/\/madamefermans.com.br\/en\/wp-json\/wp\/v2\/types\/page"}],"author":[{"embeddable":true,"href":"https:\/\/madamefermans.com.br\/en\/wp-json\/wp\/v2\/users\/1"}],"replies":[{"embeddable":true,"href":"https:\/\/madamefermans.com.br\/en\/wp-json\/wp\/v2\/comments?post=52"}],"version-history":[{"count":6,"href":"https:\/\/madamefermans.com.br\/en\/wp-json\/wp\/v2\/pages\/52\/revisions"}],"predecessor-version":[{"id":867,"href":"https:\/\/madamefermans.com.br\/en\/wp-json\/wp\/v2\/pages\/52\/revisions\/867"}],"wp:attachment":[{"href":"https:\/\/madamefermans.com.br\/en\/wp-json\/wp\/v2\/media?parent=52"}],"curies":[{"name":"wp","href":"https:\/\/api.w.org\/{rel}","templated":true}]}}