{"id":55,"date":"2020-05-29T00:32:06","date_gmt":"2020-05-29T00:32:06","guid":{"rendered":"http:\/\/madamefermans.com.br\/?page_id=55"},"modified":"2026-01-11T15:32:08","modified_gmt":"2026-01-11T15:32:08","slug":"praticas","status":"publish","type":"page","link":"https:\/\/madamefermans.com.br\/en\/praticas\/","title":{"rendered":"Practices"},"content":{"rendered":"<div class=\"wp-block-group\"><div class=\"wp-block-group__inner-container is-layout-flow wp-block-group-is-layout-flow\">\n<div class=\"wp-block-group\"><div class=\"wp-block-group__inner-container is-layout-flow wp-block-group-is-layout-flow\">\n<div class=\"wp-block-group\"><div class=\"wp-block-group__inner-container is-layout-flow wp-block-group-is-layout-flow\">\n<div class=\"wp-block-group\"><div class=\"wp-block-group__inner-container is-layout-flow wp-block-group-is-layout-flow\">\n<div class=\"wp-block-columns is-layout-flex wp-container-core-columns-is-layout-9d6595d7 wp-block-columns-is-layout-flex\">\n<div class=\"wp-block-column is-layout-flow wp-block-column-is-layout-flow\">\n<ul class=\"wp-block-list\">\n<li><\/li>\n\n\n\n<li>CBT<\/li>\n\n\n\n<li>Dilata\u00e7\u00e3o Uretral<\/li>\n\n\n\n<li>Ballbusting<\/li>\n\n\n\n<li>Chastity<\/li>\n\n\n\n<li>Axilismo<\/li>\n\n\n\n<li>Hand Job<\/li>\n\n\n\n<li>Orgasm Control<\/li>\n\n\n\n<li>Tease &amp; Denial<\/li>\n\n\n\n<li>Facesitting<\/li>\n\n\n\n<li>Mummification<\/li>\n\n\n\n<li>Bondage<\/li>\n\n\n\n<li>Deprivation of senses<\/li>\n\n\n\n<li>Breath Play<\/li>\n\n\n\n<li>Gas Mask<\/li>\n\n\n\n<li>Toillet Slave<\/li>\n\n\n\n<li>Trampling<\/li>\n\n\n\n<li>Adora\u00e7\u00e3o<\/li>\n\n\n\n<li>Foot fetish<\/li>\n\n\n\n<li>Footjob<\/li>\n\n\n\n<li>Crushing<\/li>\n\n\n\n<li>Nipple Play<\/li>\n\n\n\n<li>Wax Play<\/li>\n\n\n\n<li>Pet play<\/li>\n\n\n\n<li>Medical Play<\/li>\n\n\n\n<li>Needle Play<\/li>\n\n\n\n<li>Spanking<\/li>\n\n\n\n<li>Humiliation<\/li>\n\n\n\n<li>Tickling<\/li>\n\n\n\n<li>SPH<\/li>\n\n\n\n<li>Peeging (Invers\u00e3o)<\/li>\n\n\n\n<li>Ass play<\/li>\n\n\n\n<li>Sissy Training<\/li>\n\n\n\n<li>Crossdresser<\/li>\n\n\n\n<li>Fisting<\/li>\n\n\n\n<li>Foot Fisting<\/li>\n\n\n\n<li>Big Monster Dildos<\/li>\n\n\n\n<li>Feminization<\/li>\n\n\n\n<li>Money Slave  <\/li>\n<\/ul>\n\n\n\n<p><\/p>\n\n\n\n<p><\/p>\n<\/div>\n\n\n\n<div class=\"wp-block-column is-layout-flow wp-block-column-is-layout-flow\">\n<figure class=\"wp-block-image size-large is-style-default\"><img loading=\"lazy\" decoding=\"async\" width=\"682\" height=\"1024\" src=\"https:\/\/madamefermans.com.br\/wp-content\/uploads\/2022\/06\/CRB_6655-Edit-682x1024.jpg\" alt=\"\" class=\"wp-image-774\" srcset=\"https:\/\/madamefermans.com.br\/wp-content\/uploads\/2022\/06\/CRB_6655-Edit-682x1024.jpg 682w, https:\/\/madamefermans.com.br\/wp-content\/uploads\/2022\/06\/CRB_6655-Edit-200x300.jpg 200w, https:\/\/madamefermans.com.br\/wp-content\/uploads\/2022\/06\/CRB_6655-Edit-768x1153.jpg 768w, https:\/\/madamefermans.com.br\/wp-content\/uploads\/2022\/06\/CRB_6655-Edit-1023x1536.jpg 1023w, https:\/\/madamefermans.com.br\/wp-content\/uploads\/2022\/06\/CRB_6655-Edit-1364x2048.jpg 1364w, https:\/\/madamefermans.com.br\/wp-content\/uploads\/2022\/06\/CRB_6655-Edit-8x12.jpg 8w, https:\/\/madamefermans.com.br\/wp-content\/uploads\/2022\/06\/CRB_6655-Edit-440x660.jpg 440w, https:\/\/madamefermans.com.br\/wp-content\/uploads\/2022\/06\/CRB_6655-Edit-scaled.jpg 1705w\" sizes=\"auto, (max-width: 682px) 100vw, 682px\" \/><\/figure>\n<\/div>\n<\/div>\n<\/div><\/div>\n<\/div><\/div>\n<\/div><\/div>\n<\/div><\/div>\n\n\n\n<hr class=\"wp-block-separator has-css-opacity\"\/>\n\n\n\n<hr class=\"wp-block-separator has-css-opacity\"\/>\n\n\n\n<hr class=\"wp-block-separator has-css-opacity\"\/>\n\n\n\n<hr class=\"wp-block-separator has-css-opacity\"\/>\n\n\n\n<p class=\"has-text-align-center has-small-font-size\"><a href=\"https:\/\/madamefermans.com.br\/en\/?page_id=411\">Privacy policy<\/a><\/p>","protected":false},"excerpt":{"rendered":"<p>Privacy policy<\/p>","protected":false},"author":1,"featured_media":0,"parent":0,"menu_order":0,"comment_status":"closed","ping_status":"closed","template":"","meta":{"_monsterinsights_skip_tracking":false,"_monsterinsights_sitenote_active":false,"_monsterinsights_sitenote_note":"","_monsterinsights_sitenote_category":0,"footnotes":""},"class_list":["post-55","page","type-page","status-publish","hentry"],"yoast_head":"<!-- This site is optimized with the Yoast SEO plugin v27.5 - https:\/\/yoast.com\/product\/yoast-seo-wordpress\/ -->\n<title>Pr\u00e1ticas - Madame Fermans<\/title>\n<meta name=\"description\" content=\"Treinadora, disciplinadora e s\u00e1dica. Descri\u00e7\u00e3o das pr\u00e1ticas BDSM que eu, Madame Fermans, realizo em minhas sess\u00f5es e v\u00eddeos.\" \/>\n<meta name=\"robots\" content=\"index, follow, max-snippet:-1, max-image-preview:large, max-video-preview:-1\" \/>\n<link rel=\"canonical\" href=\"http:\/\/madamefermans.com.br\/en\/praticas\/\" \/>\n<meta property=\"og:locale\" content=\"en_US\" \/>\n<meta property=\"og:type\" content=\"article\" \/>\n<meta property=\"og:title\" content=\"Pr\u00e1ticas - Madame Fermans\" \/>\n<meta property=\"og:description\" content=\"Treinadora, disciplinadora e s\u00e1dica. Descri\u00e7\u00e3o das pr\u00e1ticas BDSM que eu, Madame Fermans, realizo em minhas sess\u00f5es e v\u00eddeos.\" \/>\n<meta property=\"og:url\" content=\"http:\/\/madamefermans.com.br\/en\/praticas\/\" \/>\n<meta property=\"og:site_name\" content=\"Madame Fermans\" \/>\n<meta property=\"article:modified_time\" content=\"2026-01-11T15:32:08+00:00\" \/>\n<meta property=\"og:image\" content=\"https:\/\/madamefermans.com.br\/wp-content\/uploads\/2022\/06\/CRB_6655-Edit-682x1024.jpg\" \/>\n<meta name=\"twitter:card\" content=\"summary_large_image\" \/>\n<meta name=\"twitter:label1\" content=\"Est. reading time\" \/>\n\t<meta name=\"twitter:data1\" content=\"1 minute\" \/>\n<script type=\"application\/ld+json\" class=\"yoast-schema-graph\">{\"@context\":\"https:\\\/\\\/schema.org\",\"@graph\":[{\"@type\":\"WebPage\",\"@id\":\"http:\\\/\\\/madamefermans.com.br\\\/praticas\\\/\",\"url\":\"http:\\\/\\\/madamefermans.com.br\\\/praticas\\\/\",\"name\":\"Pr\u00e1ticas - Madame Fermans\",\"isPartOf\":{\"@id\":\"http:\\\/\\\/madamefermans.com.br\\\/#website\"},\"primaryImageOfPage\":{\"@id\":\"http:\\\/\\\/madamefermans.com.br\\\/praticas\\\/#primaryimage\"},\"image\":{\"@id\":\"http:\\\/\\\/madamefermans.com.br\\\/praticas\\\/#primaryimage\"},\"thumbnailUrl\":\"https:\\\/\\\/madamefermans.com.br\\\/wp-content\\\/uploads\\\/2022\\\/06\\\/CRB_6655-Edit-682x1024.jpg\",\"datePublished\":\"2020-05-29T00:32:06+00:00\",\"dateModified\":\"2026-01-11T15:32:08+00:00\",\"description\":\"Treinadora, disciplinadora e s\u00e1dica. Descri\u00e7\u00e3o das pr\u00e1ticas BDSM que eu, Madame Fermans, realizo em minhas sess\u00f5es e v\u00eddeos.\",\"breadcrumb\":{\"@id\":\"http:\\\/\\\/madamefermans.com.br\\\/praticas\\\/#breadcrumb\"},\"inLanguage\":\"en-US\",\"potentialAction\":[{\"@type\":\"ReadAction\",\"target\":[\"http:\\\/\\\/madamefermans.com.br\\\/praticas\\\/\"]}]},{\"@type\":\"ImageObject\",\"inLanguage\":\"en-US\",\"@id\":\"http:\\\/\\\/madamefermans.com.br\\\/praticas\\\/#primaryimage\",\"url\":\"https:\\\/\\\/madamefermans.com.br\\\/wp-content\\\/uploads\\\/2022\\\/06\\\/CRB_6655-Edit-682x1024.jpg\",\"contentUrl\":\"https:\\\/\\\/madamefermans.com.br\\\/wp-content\\\/uploads\\\/2022\\\/06\\\/CRB_6655-Edit-682x1024.jpg\"},{\"@type\":\"BreadcrumbList\",\"@id\":\"http:\\\/\\\/madamefermans.com.br\\\/praticas\\\/#breadcrumb\",\"itemListElement\":[{\"@type\":\"ListItem\",\"position\":1,\"name\":\"In\u00edcio\",\"item\":\"http:\\\/\\\/madamefermans.com.br\\\/\"},{\"@type\":\"ListItem\",\"position\":2,\"name\":\"Pr\u00e1ticas\"}]},{\"@type\":\"WebSite\",\"@id\":\"http:\\\/\\\/madamefermans.com.br\\\/#website\",\"url\":\"http:\\\/\\\/madamefermans.com.br\\\/\",\"name\":\"Madame Fermans\",\"description\":\"\",\"publisher\":{\"@id\":\"http:\\\/\\\/madamefermans.com.br\\\/#\\\/schema\\\/person\\\/6b2a1ba3ee3539669c036e304c4a5c30\"},\"potentialAction\":[{\"@type\":\"SearchAction\",\"target\":{\"@type\":\"EntryPoint\",\"urlTemplate\":\"http:\\\/\\\/madamefermans.com.br\\\/?s={search_term_string}\"},\"query-input\":{\"@type\":\"PropertyValueSpecification\",\"valueRequired\":true,\"valueName\":\"search_term_string\"}}],\"inLanguage\":\"en-US\"},{\"@type\":[\"Person\",\"Organization\"],\"@id\":\"http:\\\/\\\/madamefermans.com.br\\\/#\\\/schema\\\/person\\\/6b2a1ba3ee3539669c036e304c4a5c30\",\"name\":\"madame83_wp\",\"image\":{\"@type\":\"ImageObject\",\"inLanguage\":\"en-US\",\"@id\":\"https:\\\/\\\/madamefermans.com.br\\\/wp-content\\\/uploads\\\/2020\\\/05\\\/cropped-BDSMLOGO-2.png\",\"url\":\"https:\\\/\\\/madamefermans.com.br\\\/wp-content\\\/uploads\\\/2020\\\/05\\\/cropped-BDSMLOGO-2.png\",\"contentUrl\":\"https:\\\/\\\/madamefermans.com.br\\\/wp-content\\\/uploads\\\/2020\\\/05\\\/cropped-BDSMLOGO-2.png\",\"width\":600,\"height\":600,\"caption\":\"madame83_wp\"},\"logo\":{\"@id\":\"https:\\\/\\\/madamefermans.com.br\\\/wp-content\\\/uploads\\\/2020\\\/05\\\/cropped-BDSMLOGO-2.png\"},\"sameAs\":[\"http:\\\/\\\/madamefermans.com.br\"]}]}<\/script>\n<!-- \/ Yoast SEO plugin. -->","yoast_head_json":{"title":"Pr\u00e1ticas - Madame Fermans","description":"Treinadora, disciplinadora e s\u00e1dica. Descri\u00e7\u00e3o das pr\u00e1ticas BDSM que eu, Madame Fermans, realizo em minhas sess\u00f5es e v\u00eddeos.","robots":{"index":"index","follow":"follow","max-snippet":"max-snippet:-1","max-image-preview":"max-image-preview:large","max-video-preview":"max-video-preview:-1"},"canonical":"http:\/\/madamefermans.com.br\/en\/praticas\/","og_locale":"en_US","og_type":"article","og_title":"Pr\u00e1ticas - Madame Fermans","og_description":"Treinadora, disciplinadora e s\u00e1dica. Descri\u00e7\u00e3o das pr\u00e1ticas BDSM que eu, Madame Fermans, realizo em minhas sess\u00f5es e v\u00eddeos.","og_url":"http:\/\/madamefermans.com.br\/en\/praticas\/","og_site_name":"Madame Fermans","article_modified_time":"2026-01-11T15:32:08+00:00","og_image":[{"url":"https:\/\/madamefermans.com.br\/wp-content\/uploads\/2022\/06\/CRB_6655-Edit-682x1024.jpg","type":"","width":"","height":""}],"twitter_card":"summary_large_image","twitter_misc":{"Est. reading time":"1 minute"},"schema":{"@context":"https:\/\/schema.org","@graph":[{"@type":"WebPage","@id":"http:\/\/madamefermans.com.br\/praticas\/","url":"http:\/\/madamefermans.com.br\/praticas\/","name":"Pr\u00e1ticas - Madame Fermans","isPartOf":{"@id":"http:\/\/madamefermans.com.br\/#website"},"primaryImageOfPage":{"@id":"http:\/\/madamefermans.com.br\/praticas\/#primaryimage"},"image":{"@id":"http:\/\/madamefermans.com.br\/praticas\/#primaryimage"},"thumbnailUrl":"https:\/\/madamefermans.com.br\/wp-content\/uploads\/2022\/06\/CRB_6655-Edit-682x1024.jpg","datePublished":"2020-05-29T00:32:06+00:00","dateModified":"2026-01-11T15:32:08+00:00","description":"Treinadora, disciplinadora e s\u00e1dica. Descri\u00e7\u00e3o das pr\u00e1ticas BDSM que eu, Madame Fermans, realizo em minhas sess\u00f5es e v\u00eddeos.","breadcrumb":{"@id":"http:\/\/madamefermans.com.br\/praticas\/#breadcrumb"},"inLanguage":"en-US","potentialAction":[{"@type":"ReadAction","target":["http:\/\/madamefermans.com.br\/praticas\/"]}]},{"@type":"ImageObject","inLanguage":"en-US","@id":"http:\/\/madamefermans.com.br\/praticas\/#primaryimage","url":"https:\/\/madamefermans.com.br\/wp-content\/uploads\/2022\/06\/CRB_6655-Edit-682x1024.jpg","contentUrl":"https:\/\/madamefermans.com.br\/wp-content\/uploads\/2022\/06\/CRB_6655-Edit-682x1024.jpg"},{"@type":"BreadcrumbList","@id":"http:\/\/madamefermans.com.br\/praticas\/#breadcrumb","itemListElement":[{"@type":"ListItem","position":1,"name":"In\u00edcio","item":"http:\/\/madamefermans.com.br\/"},{"@type":"ListItem","position":2,"name":"Pr\u00e1ticas"}]},{"@type":"WebSite","@id":"http:\/\/madamefermans.com.br\/#website","url":"http:\/\/madamefermans.com.br\/","name":"Madame Fermans","description":"","publisher":{"@id":"http:\/\/madamefermans.com.br\/#\/schema\/person\/6b2a1ba3ee3539669c036e304c4a5c30"},"potentialAction":[{"@type":"SearchAction","target":{"@type":"EntryPoint","urlTemplate":"http:\/\/madamefermans.com.br\/?s={search_term_string}"},"query-input":{"@type":"PropertyValueSpecification","valueRequired":true,"valueName":"search_term_string"}}],"inLanguage":"en-US"},{"@type":["Person","Organization"],"@id":"http:\/\/madamefermans.com.br\/#\/schema\/person\/6b2a1ba3ee3539669c036e304c4a5c30","name":"madame83_wp","image":{"@type":"ImageObject","inLanguage":"en-US","@id":"https:\/\/madamefermans.com.br\/wp-content\/uploads\/2020\/05\/cropped-BDSMLOGO-2.png","url":"https:\/\/madamefermans.com.br\/wp-content\/uploads\/2020\/05\/cropped-BDSMLOGO-2.png","contentUrl":"https:\/\/madamefermans.com.br\/wp-content\/uploads\/2020\/05\/cropped-BDSMLOGO-2.png","width":600,"height":600,"caption":"madame83_wp"},"logo":{"@id":"https:\/\/madamefermans.com.br\/wp-content\/uploads\/2020\/05\/cropped-BDSMLOGO-2.png"},"sameAs":["http:\/\/madamefermans.com.br"]}]}},"_links":{"self":[{"href":"https:\/\/madamefermans.com.br\/en\/wp-json\/wp\/v2\/pages\/55","targetHints":{"allow":["GET"]}}],"collection":[{"href":"https:\/\/madamefermans.com.br\/en\/wp-json\/wp\/v2\/pages"}],"about":[{"href":"https:\/\/madamefermans.com.br\/en\/wp-json\/wp\/v2\/types\/page"}],"author":[{"embeddable":true,"href":"https:\/\/madamefermans.com.br\/en\/wp-json\/wp\/v2\/users\/1"}],"replies":[{"embeddable":true,"href":"https:\/\/madamefermans.com.br\/en\/wp-json\/wp\/v2\/comments?post=55"}],"version-history":[{"count":6,"href":"https:\/\/madamefermans.com.br\/en\/wp-json\/wp\/v2\/pages\/55\/revisions"}],"predecessor-version":[{"id":866,"href":"https:\/\/madamefermans.com.br\/en\/wp-json\/wp\/v2\/pages\/55\/revisions\/866"}],"wp:attachment":[{"href":"https:\/\/madamefermans.com.br\/en\/wp-json\/wp\/v2\/media?parent=55"}],"curies":[{"name":"wp","href":"https:\/\/api.w.org\/{rel}","templated":true}]}}