{"id":599,"date":"2020-06-29T04:19:28","date_gmt":"2020-06-29T04:19:28","guid":{"rendered":"http:\/\/madamefermans.com.br\/?page_id=599"},"modified":"2025-11-26T17:18:22","modified_gmt":"2025-11-26T17:18:22","slug":"sissys","status":"publish","type":"page","link":"https:\/\/madamefermans.com.br\/en\/sissys\/","title":{"rendered":"SISSY &amp; CROSSDRESSER"},"content":{"rendered":"<p class=\"has-text-align-center\"><\/p>\n\n\n\n<div class=\"wp-block-group\"><div class=\"wp-block-group__inner-container is-layout-flow wp-block-group-is-layout-flow\">\n<figure class=\"wp-block-image size-large is-resized\"><img loading=\"lazy\" decoding=\"async\" width=\"683\" height=\"1024\" src=\"https:\/\/madamefermans.com.br\/wp-content\/uploads\/2025\/11\/profile-683x1024.jpeg\" alt=\"\" class=\"wp-image-859\" style=\"width:1070px;height:auto\" srcset=\"https:\/\/madamefermans.com.br\/wp-content\/uploads\/2025\/11\/profile-683x1024.jpeg 683w, https:\/\/madamefermans.com.br\/wp-content\/uploads\/2025\/11\/profile-200x300.jpeg 200w, https:\/\/madamefermans.com.br\/wp-content\/uploads\/2025\/11\/profile-768x1152.jpeg 768w, https:\/\/madamefermans.com.br\/wp-content\/uploads\/2025\/11\/profile-1024x1536.jpeg 1024w, https:\/\/madamefermans.com.br\/wp-content\/uploads\/2025\/11\/profile-8x12.jpeg 8w, https:\/\/madamefermans.com.br\/wp-content\/uploads\/2025\/11\/profile-440x660.jpeg 440w, https:\/\/madamefermans.com.br\/wp-content\/uploads\/2025\/11\/profile.jpeg 1040w\" sizes=\"auto, (max-width: 683px) 100vw, 683px\" \/><\/figure>\n<\/div><\/div>\n\n\n\n<p>Vejo pouco material no Brasil falando de forma aberta e honesta sobre elas, apesar de ser razoavelmente comum t\u00ea-las no meio BDSM. Considero um fetiche muito intenso pra quem vive e \u00e9 dif\u00edcil achar textos e relatos, ent\u00e3o resolvi dividir com voc\u00eas minha experi\u00eancia com essas mocinhas. Em especial minha primeira experi\u00eancia:<\/p>\n\n\n\n<p> E l\u00e1 estava eu a caminho de mais um encontro. Aos 18 anos, j\u00e1 tinha uma experi\u00eancia com diversos fetiches mas essa seria a primeira vez que teria uma \u201cSissy\u201d ao meu dispor.<\/p>\n\n\n\n<p>  Eu estava naturalmente agitada e excitada maquinando situa\u00e7\u00f5es cru\u00e9is e pervertidas na minha cabe\u00e7a quando dei de cara com aquela criatura. Alta e esguia de cabelo alisado na altura do ombro, os tra\u00e7os finos e boca pequena, ela estava de p\u00e9, acanhada, segurando uma mochila e olhando para o ch\u00e3o. Eu vestia uma saia justa com estampa de on\u00e7a, meias finas, um corset preto e botas de cano curto, ela um jeans justo e camiseta slim. Me aproximei e a encarei de forma fixa ela desviou o olhar soltando um gemido baixo: \u201cMUITO PRAZER SRA. SOU LILY\u201d, mantive meu sil\u00eancio por alguns segundos e falei: \u201cVOC\u00ca TEM NOME DE CADELA\u201d ela corou e sorriu tomando coragem de me olhar, \u201dVAMOS EU N\u00c3O TENHO DIA TODO PRA VOC\u00ca\u201d e comecei a andar, ela me seguiu se oferecendo para carregar minha bolsa.<\/p>\n\n\n\n<p> Durante o caminho para o hotel, comecei as perguntas: \u201cVOC\u00ca EST\u00c1 DEPILADA?\u201d , \u201cSE PREPAROU PRA MIM?\u201d , \u201cQUAL A COR DA SUA CALCINHA?\u201d, ela gaguejava entre os &#8220;SIM SRA.&#8221; que me respondia. Chegamos ao lugar, deixamos os documentos, ela pagou e subimos as escadas em dire\u00e7\u00e3o ao nosso quarto. Eu reparava na sua forma de andar, seu quadril se movimentava com leveza, suas m\u00e3os delicadas, reparei nos bra\u00e7os depilados e cabelo alinhado com perfei\u00e7\u00e3o. Era a primeira vez que sentia a energia de uma sissy, sua fragilidade e feminilidade. Entramos na su\u00edte, imediatamente mandei ela ir para o banheiro se despir e aguardar ser chamada, espalhei na cama tudo que havia separado para aquela sess\u00e3o, conforme hav\u00edamos conversado. Havia perfume, batom, blush, r\u00edmel, bijus, uma das minhas camisolas de renda ( usada e com meu cheiro), meias 7\/8, cinta liga, enfim trouxe minhas coisas de uso pessoal para vesti-la, trouxe um dicion\u00e1rio grande e pesado, uma r\u00e9gua de madeira escolar das grandes e um giz, minha cabe\u00e7a estava a mil pensando em como iria desenvolver aquela situa\u00e7\u00e3o, eu SEMPRE tive instinto para tudo, absolutamente TUDO, ent\u00e3o deixei novamente minha ess\u00eancia e personalidade entrarem em a\u00e7\u00e3o.<\/p>\n\n\n\n<p> Ordenei para que ela sa\u00edsse do banheiro de joelhos, ela o fez. Engatinhou at\u00e9 meu p\u00e9s e tremia sem controle, como se estivesse sendo eletrocutada, eu a examinei com os olhos, seu corpo era delicado e fr\u00e1gil, vi a \u201ccalcinha\u201d rosa de renda desenhando seu quadril, a toquei e alisei seu cabelo com carinho falando de forma maldosa: \u201cVOU TE ENSINAR A SER UMA MENINA DE VERDADE\u201d. Ela gemeu e seus olhos estavam lacrimejando, senti uma entrega absurda e sabia exatamente o que fazer naquele momento.<\/p>\n\n\n\n<p> Ela pegou a mochila, tirando um plug e par saltos muito altos e finos, colocou na cama e ficou deslumbrada com as coisas que havia trazido para nossa tarde juntas. Eu a maquiei com cuidado me dedicando a cada etapa de forma sensual, UAHL\u00c1 ela estava pronta e linda com l\u00e1bios pintados e olhos bem delineados, perfume e minha camisola, que por sinal, tinha ficado bem pequena e curta mas ela adorou aquele ar de vulgaridade. Enquanto ela cal\u00e7ava os saltos, risquei de giz no ch\u00e3o uma linha que atravessava o quarto. Come\u00e7amos o treinamento, eu a pluguei e apliquei diversas palmadas e humilha\u00e7\u00f5es usando a \u201cfalta de postura feminina\u201d como base para humilhar, ela tinha uma EXTREMA dificuldade de se equilibrar nos saltos ent\u00e3o eu iria ensinar ela a andar como uma garota deve andar, obriguei ela a andar em cima da linha sem bambear e cada vez que sa\u00edsse da linha, eu lhe aplicava uma reguada na bunda com muita for\u00e7a, seu \u201cPintinho\u201d crescia e escapava diversas vezes da calcinha, ent\u00e3o eu a xingava e batia, fazia ajeitar ele para tr\u00e1s, sempre ouvindo um: \u201cPERD\u00c3O SRA.\u201d ofegante e cheio de tes\u00e3o, ela suava e buscava equil\u00edbrio abrindo os bra\u00e7os, e eu a corrigia firme, aplicando as reguadas com for\u00e7a. Depois de quase 40 minutos, com a bunda j\u00e1 rajada de tantas reguadas, eu a fiz equilibrar o dicion\u00e1rio pesado em cima da cabe\u00e7a e andar para mim de forma sensual e l\u00e1 est\u00e1 ela, desfilando pelo quarto, vestida e perfumada, com o pintinho inflado por baixo da calcinha se exibindo pra mim. <\/p>\n\n\n\n<p> Depois mais algumas brincadeiras, como \u201cafinar a voz\u201d e \u201ctreinar os gestos femininos\u201d, mandei ela se ajoelhar e massagear meus p\u00e9s, ela o fez com tanto carinho. Percebi ent\u00e3o que ela estava chorando, perguntei firme e fria \u201cPOR QUE A CADELA TA CHORANDO?\u201d. Ela respondeu baixinho e envergonhada \u201cPORQUE EU ESTOU FELIZ!\u201d, \u201cESTOU FELIZ PELA SRA. ME TRANSFORMAR NUMA MENINA DE VERDADE\u201d. Eu pude compreender a grandeza e intensidade do fetiche, e um sentimento de satisfa\u00e7\u00e3o me alegrou, depois disso ela me serviu mais algumas vezes antes de se mudar para outro estado e perdemos o contato. Desde ent\u00e3o eu percebi que mulheres adultas ainda podem gostar de \u201cBRINCAR DE BONECA\u201d.<\/p>\n\n\n<div class=\"wp-block-image\">\n<figure class=\"aligncenter size-large is-resized\"><img loading=\"lazy\" decoding=\"async\" width=\"768\" height=\"1024\" src=\"https:\/\/madamefermans.com.br\/wp-content\/uploads\/2022\/06\/SISSSSY-768x1024.jpg\" alt=\"\" class=\"wp-image-765\" style=\"width:301px;height:401px\" srcset=\"https:\/\/madamefermans.com.br\/wp-content\/uploads\/2022\/06\/SISSSSY-768x1024.jpg 768w, https:\/\/madamefermans.com.br\/wp-content\/uploads\/2022\/06\/SISSSSY-225x300.jpg 225w, https:\/\/madamefermans.com.br\/wp-content\/uploads\/2022\/06\/SISSSSY-1152x1536.jpg 1152w, https:\/\/madamefermans.com.br\/wp-content\/uploads\/2022\/06\/SISSSSY-9x12.jpg 9w, https:\/\/madamefermans.com.br\/wp-content\/uploads\/2022\/06\/SISSSSY-495x660.jpg 495w, https:\/\/madamefermans.com.br\/wp-content\/uploads\/2022\/06\/SISSSSY-606x808.jpg 606w, https:\/\/madamefermans.com.br\/wp-content\/uploads\/2022\/06\/SISSSSY.jpg 1200w\" sizes=\"auto, (max-width: 768px) 100vw, 768px\" \/><\/figure>\n<\/div>\n\n\n<p> Ser Sissy \u00e9 algo muito intenso, pelo menos eu vejo assim, 70% das sissys que me serviram ao longo da vida eram \u201cL\u00e9sbicas\u201d e tinham como limite intera\u00e7\u00e3o com homens. Obviamente existem as putinhas que adoram contato com homens, mas de maneira alguma isso \u00e9 uma regra. Atualmente tenho prefer\u00eancia por sissy\u2019s para desenvolver servi\u00e7os dom\u00e9sticos, tenho extremo tes\u00e3o em monta-las. Existem diversas formas de feminizar: roupas, perucas, unhas, maquiagem, seios falsos e at\u00e9 horm\u00f4nios.<\/p>\n\n\n\n<p> Feminiza\u00e7\u00e3o \u00e9 algo sensacional e uma experi\u00eancia deliciosa. \u00c9 poss\u00edvel incluir diversas pr\u00e1ticas durante a sess\u00e3o, tornando a Sissy cada vez mais completa.<\/p>\n\n\n\n<figure class=\"wp-block-image size-large\"><img loading=\"lazy\" decoding=\"async\" width=\"1024\" height=\"683\" src=\"https:\/\/madamefermans.com.br\/wp-content\/uploads\/2025\/11\/WhatsApp-Image-2025-11-26-at-11.10.02-1-1-1024x683.jpeg\" alt=\"\" class=\"wp-image-860\" srcset=\"https:\/\/madamefermans.com.br\/wp-content\/uploads\/2025\/11\/WhatsApp-Image-2025-11-26-at-11.10.02-1-1-1024x683.jpeg 1024w, https:\/\/madamefermans.com.br\/wp-content\/uploads\/2025\/11\/WhatsApp-Image-2025-11-26-at-11.10.02-1-1-300x200.jpeg 300w, https:\/\/madamefermans.com.br\/wp-content\/uploads\/2025\/11\/WhatsApp-Image-2025-11-26-at-11.10.02-1-1-768x512.jpeg 768w, https:\/\/madamefermans.com.br\/wp-content\/uploads\/2025\/11\/WhatsApp-Image-2025-11-26-at-11.10.02-1-1-18x12.jpeg 18w, https:\/\/madamefermans.com.br\/wp-content\/uploads\/2025\/11\/WhatsApp-Image-2025-11-26-at-11.10.02-1-1-990x660.jpeg 990w, https:\/\/madamefermans.com.br\/wp-content\/uploads\/2025\/11\/WhatsApp-Image-2025-11-26-at-11.10.02-1-1.jpeg 1032w\" sizes=\"auto, (max-width: 1024px) 100vw, 1024px\" \/><\/figure>","protected":false},"excerpt":{"rendered":"<p>Vejo pouco material no Brasil falando de forma aberta e honesta sobre elas, apesar de ser razoavelmente comum t\u00ea-las no &hellip; <a href=\"https:\/\/madamefermans.com.br\/en\/sissys\/\" class=\"more-link\"><span class=\"more-button\">Continue Reading<span class=\"screen-reader-text\">SISSY &amp; CROSSDRESSER<\/span><\/span><\/a><\/p>","protected":false},"author":1,"featured_media":0,"parent":0,"menu_order":0,"comment_status":"closed","ping_status":"closed","template":"","meta":{"_monsterinsights_skip_tracking":false,"_monsterinsights_sitenote_active":false,"_monsterinsights_sitenote_note":"","_monsterinsights_sitenote_category":0,"footnotes":""},"class_list":["post-599","page","type-page","status-publish","hentry"],"yoast_head":"<!-- This site is optimized with the Yoast SEO plugin v27.5 - https:\/\/yoast.com\/product\/yoast-seo-wordpress\/ -->\n<title>SISSY &amp; CROSSDRESSER - Madame Fermans<\/title>\n<meta name=\"robots\" content=\"index, follow, max-snippet:-1, max-image-preview:large, max-video-preview:-1\" \/>\n<link rel=\"canonical\" href=\"http:\/\/madamefermans.com.br\/en\/sissys\/\" \/>\n<meta property=\"og:locale\" content=\"en_US\" \/>\n<meta property=\"og:type\" content=\"article\" \/>\n<meta property=\"og:title\" content=\"SISSY &amp; CROSSDRESSER - Madame Fermans\" \/>\n<meta property=\"og:description\" content=\"Vejo pouco material no Brasil falando de forma aberta e honesta sobre elas, apesar de ser razoavelmente comum t\u00ea-las no &hellip; Continue ReadingSISSY &amp; CROSSDRESSER\" \/>\n<meta property=\"og:url\" content=\"http:\/\/madamefermans.com.br\/en\/sissys\/\" \/>\n<meta property=\"og:site_name\" content=\"Madame Fermans\" \/>\n<meta property=\"article:modified_time\" content=\"2025-11-26T17:18:22+00:00\" \/>\n<meta property=\"og:image\" content=\"https:\/\/madamefermans.com.br\/wp-content\/uploads\/2025\/11\/profile-683x1024.jpeg\" \/>\n<meta name=\"twitter:card\" content=\"summary_large_image\" \/>\n<meta name=\"twitter:label1\" content=\"Est. reading time\" \/>\n\t<meta name=\"twitter:data1\" content=\"6 minutes\" \/>\n<script type=\"application\/ld+json\" class=\"yoast-schema-graph\">{\"@context\":\"https:\\\/\\\/schema.org\",\"@graph\":[{\"@type\":\"WebPage\",\"@id\":\"http:\\\/\\\/madamefermans.com.br\\\/sissys\\\/\",\"url\":\"http:\\\/\\\/madamefermans.com.br\\\/sissys\\\/\",\"name\":\"SISSY &amp; CROSSDRESSER - Madame Fermans\",\"isPartOf\":{\"@id\":\"http:\\\/\\\/madamefermans.com.br\\\/#website\"},\"primaryImageOfPage\":{\"@id\":\"http:\\\/\\\/madamefermans.com.br\\\/sissys\\\/#primaryimage\"},\"image\":{\"@id\":\"http:\\\/\\\/madamefermans.com.br\\\/sissys\\\/#primaryimage\"},\"thumbnailUrl\":\"https:\\\/\\\/madamefermans.com.br\\\/wp-content\\\/uploads\\\/2025\\\/11\\\/profile-683x1024.jpeg\",\"datePublished\":\"2020-06-29T04:19:28+00:00\",\"dateModified\":\"2025-11-26T17:18:22+00:00\",\"breadcrumb\":{\"@id\":\"http:\\\/\\\/madamefermans.com.br\\\/sissys\\\/#breadcrumb\"},\"inLanguage\":\"en-US\",\"potentialAction\":[{\"@type\":\"ReadAction\",\"target\":[\"http:\\\/\\\/madamefermans.com.br\\\/sissys\\\/\"]}]},{\"@type\":\"ImageObject\",\"inLanguage\":\"en-US\",\"@id\":\"http:\\\/\\\/madamefermans.com.br\\\/sissys\\\/#primaryimage\",\"url\":\"https:\\\/\\\/madamefermans.com.br\\\/wp-content\\\/uploads\\\/2025\\\/11\\\/profile-683x1024.jpeg\",\"contentUrl\":\"https:\\\/\\\/madamefermans.com.br\\\/wp-content\\\/uploads\\\/2025\\\/11\\\/profile-683x1024.jpeg\"},{\"@type\":\"BreadcrumbList\",\"@id\":\"http:\\\/\\\/madamefermans.com.br\\\/sissys\\\/#breadcrumb\",\"itemListElement\":[{\"@type\":\"ListItem\",\"position\":1,\"name\":\"In\u00edcio\",\"item\":\"http:\\\/\\\/madamefermans.com.br\\\/\"},{\"@type\":\"ListItem\",\"position\":2,\"name\":\"SISSY &amp; CROSSDRESSER\"}]},{\"@type\":\"WebSite\",\"@id\":\"http:\\\/\\\/madamefermans.com.br\\\/#website\",\"url\":\"http:\\\/\\\/madamefermans.com.br\\\/\",\"name\":\"Madame Fermans\",\"description\":\"\",\"publisher\":{\"@id\":\"http:\\\/\\\/madamefermans.com.br\\\/#\\\/schema\\\/person\\\/6b2a1ba3ee3539669c036e304c4a5c30\"},\"potentialAction\":[{\"@type\":\"SearchAction\",\"target\":{\"@type\":\"EntryPoint\",\"urlTemplate\":\"http:\\\/\\\/madamefermans.com.br\\\/?s={search_term_string}\"},\"query-input\":{\"@type\":\"PropertyValueSpecification\",\"valueRequired\":true,\"valueName\":\"search_term_string\"}}],\"inLanguage\":\"en-US\"},{\"@type\":[\"Person\",\"Organization\"],\"@id\":\"http:\\\/\\\/madamefermans.com.br\\\/#\\\/schema\\\/person\\\/6b2a1ba3ee3539669c036e304c4a5c30\",\"name\":\"madame83_wp\",\"image\":{\"@type\":\"ImageObject\",\"inLanguage\":\"en-US\",\"@id\":\"https:\\\/\\\/madamefermans.com.br\\\/wp-content\\\/uploads\\\/2020\\\/05\\\/cropped-BDSMLOGO-2.png\",\"url\":\"https:\\\/\\\/madamefermans.com.br\\\/wp-content\\\/uploads\\\/2020\\\/05\\\/cropped-BDSMLOGO-2.png\",\"contentUrl\":\"https:\\\/\\\/madamefermans.com.br\\\/wp-content\\\/uploads\\\/2020\\\/05\\\/cropped-BDSMLOGO-2.png\",\"width\":600,\"height\":600,\"caption\":\"madame83_wp\"},\"logo\":{\"@id\":\"https:\\\/\\\/madamefermans.com.br\\\/wp-content\\\/uploads\\\/2020\\\/05\\\/cropped-BDSMLOGO-2.png\"},\"sameAs\":[\"http:\\\/\\\/madamefermans.com.br\"]}]}<\/script>\n<!-- \/ Yoast SEO plugin. -->","yoast_head_json":{"title":"SISSY &amp; CROSSDRESSER - Madame Fermans","robots":{"index":"index","follow":"follow","max-snippet":"max-snippet:-1","max-image-preview":"max-image-preview:large","max-video-preview":"max-video-preview:-1"},"canonical":"http:\/\/madamefermans.com.br\/en\/sissys\/","og_locale":"en_US","og_type":"article","og_title":"SISSY &amp; CROSSDRESSER - Madame Fermans","og_description":"Vejo pouco material no Brasil falando de forma aberta e honesta sobre elas, apesar de ser razoavelmente comum t\u00ea-las no &hellip; Continue ReadingSISSY &amp; CROSSDRESSER","og_url":"http:\/\/madamefermans.com.br\/en\/sissys\/","og_site_name":"Madame Fermans","article_modified_time":"2025-11-26T17:18:22+00:00","og_image":[{"url":"https:\/\/madamefermans.com.br\/wp-content\/uploads\/2025\/11\/profile-683x1024.jpeg","type":"","width":"","height":""}],"twitter_card":"summary_large_image","twitter_misc":{"Est. reading time":"6 minutes"},"schema":{"@context":"https:\/\/schema.org","@graph":[{"@type":"WebPage","@id":"http:\/\/madamefermans.com.br\/sissys\/","url":"http:\/\/madamefermans.com.br\/sissys\/","name":"SISSY &amp; CROSSDRESSER - Madame Fermans","isPartOf":{"@id":"http:\/\/madamefermans.com.br\/#website"},"primaryImageOfPage":{"@id":"http:\/\/madamefermans.com.br\/sissys\/#primaryimage"},"image":{"@id":"http:\/\/madamefermans.com.br\/sissys\/#primaryimage"},"thumbnailUrl":"https:\/\/madamefermans.com.br\/wp-content\/uploads\/2025\/11\/profile-683x1024.jpeg","datePublished":"2020-06-29T04:19:28+00:00","dateModified":"2025-11-26T17:18:22+00:00","breadcrumb":{"@id":"http:\/\/madamefermans.com.br\/sissys\/#breadcrumb"},"inLanguage":"en-US","potentialAction":[{"@type":"ReadAction","target":["http:\/\/madamefermans.com.br\/sissys\/"]}]},{"@type":"ImageObject","inLanguage":"en-US","@id":"http:\/\/madamefermans.com.br\/sissys\/#primaryimage","url":"https:\/\/madamefermans.com.br\/wp-content\/uploads\/2025\/11\/profile-683x1024.jpeg","contentUrl":"https:\/\/madamefermans.com.br\/wp-content\/uploads\/2025\/11\/profile-683x1024.jpeg"},{"@type":"BreadcrumbList","@id":"http:\/\/madamefermans.com.br\/sissys\/#breadcrumb","itemListElement":[{"@type":"ListItem","position":1,"name":"In\u00edcio","item":"http:\/\/madamefermans.com.br\/"},{"@type":"ListItem","position":2,"name":"SISSY &amp; CROSSDRESSER"}]},{"@type":"WebSite","@id":"http:\/\/madamefermans.com.br\/#website","url":"http:\/\/madamefermans.com.br\/","name":"Madame Fermans","description":"","publisher":{"@id":"http:\/\/madamefermans.com.br\/#\/schema\/person\/6b2a1ba3ee3539669c036e304c4a5c30"},"potentialAction":[{"@type":"SearchAction","target":{"@type":"EntryPoint","urlTemplate":"http:\/\/madamefermans.com.br\/?s={search_term_string}"},"query-input":{"@type":"PropertyValueSpecification","valueRequired":true,"valueName":"search_term_string"}}],"inLanguage":"en-US"},{"@type":["Person","Organization"],"@id":"http:\/\/madamefermans.com.br\/#\/schema\/person\/6b2a1ba3ee3539669c036e304c4a5c30","name":"madame83_wp","image":{"@type":"ImageObject","inLanguage":"en-US","@id":"https:\/\/madamefermans.com.br\/wp-content\/uploads\/2020\/05\/cropped-BDSMLOGO-2.png","url":"https:\/\/madamefermans.com.br\/wp-content\/uploads\/2020\/05\/cropped-BDSMLOGO-2.png","contentUrl":"https:\/\/madamefermans.com.br\/wp-content\/uploads\/2020\/05\/cropped-BDSMLOGO-2.png","width":600,"height":600,"caption":"madame83_wp"},"logo":{"@id":"https:\/\/madamefermans.com.br\/wp-content\/uploads\/2020\/05\/cropped-BDSMLOGO-2.png"},"sameAs":["http:\/\/madamefermans.com.br"]}]}},"_links":{"self":[{"href":"https:\/\/madamefermans.com.br\/en\/wp-json\/wp\/v2\/pages\/599","targetHints":{"allow":["GET"]}}],"collection":[{"href":"https:\/\/madamefermans.com.br\/en\/wp-json\/wp\/v2\/pages"}],"about":[{"href":"https:\/\/madamefermans.com.br\/en\/wp-json\/wp\/v2\/types\/page"}],"author":[{"embeddable":true,"href":"https:\/\/madamefermans.com.br\/en\/wp-json\/wp\/v2\/users\/1"}],"replies":[{"embeddable":true,"href":"https:\/\/madamefermans.com.br\/en\/wp-json\/wp\/v2\/comments?post=599"}],"version-history":[{"count":4,"href":"https:\/\/madamefermans.com.br\/en\/wp-json\/wp\/v2\/pages\/599\/revisions"}],"predecessor-version":[{"id":861,"href":"https:\/\/madamefermans.com.br\/en\/wp-json\/wp\/v2\/pages\/599\/revisions\/861"}],"wp:attachment":[{"href":"https:\/\/madamefermans.com.br\/en\/wp-json\/wp\/v2\/media?parent=599"}],"curies":[{"name":"wp","href":"https:\/\/api.w.org\/{rel}","templated":true}]}}